{"id":199,"date":"2018-05-04T14:44:43","date_gmt":"2018-05-04T14:44:43","guid":{"rendered":"https:\/\/catholiccharitiesla.org\/spanish\/?page_id=199"},"modified":"2021-12-14T21:13:44","modified_gmt":"2021-12-14T21:13:44","slug":"alleviate-hunger","status":"publish","type":"page","link":"https:\/\/catholiccharitiesla.org\/spanish\/alleviate-hunger\/","title":{"rendered":"Aliviar el Hambre"},"content":{"rendered":"<p>[et_pb_section fb_built=&#8221;1&#8243; fullwidth=&#8221;on&#8221; _builder_version=&#8221;3.0.47&#8243;][et_pb_fullwidth_image src=&#8221;https:\/\/catholiccharitiesla.org\/spanish\/wp-content\/uploads\/CC_Header_Programas_1600px-1.jpg&#8221; _builder_version=&#8221;3.1.1&#8243;][\/et_pb_fullwidth_image][\/et_pb_section][et_pb_section fb_built=&#8221;1&#8243; _builder_version=&#8221;3.1.1&#8243;][et_pb_row _builder_version=&#8221;3.0.47&#8243; background_size=&#8221;initial&#8221; background_position=&#8221;top_left&#8221; background_repeat=&#8221;repeat&#8221;][et_pb_column type=&#8221;1_3&#8243; _builder_version=&#8221;3.0.47&#8243; parallax=&#8221;off&#8221; parallax_method=&#8221;on&#8221;][et_pb_image src=&#8221;https:\/\/catholiccharitiesla.org\/spanish\/wp-content\/uploads\/2018\/05\/CC_Photos_HowToHelp_CommunityStats.jpg&#8221; _builder_version=&#8221;3.9&#8243;][\/et_pb_image][et_pb_text _builder_version=&#8221;3.9&#8243; text_font=&#8221;Open Sans||on||||||&#8221; text_text_color=&#8221;#ab862c&#8221; text_font_size=&#8221;13&#8243; text_line_height=&#8221;1.5em&#8221;]<\/p>\n<p><i style=\"font-size: 13px;\"><span lang=\"ES-US\" style=\"font-size: 11pt; line-height: 107%; font-family: Calibri, sans-serif; background-position: initial; background-color: white;\">Ay\u00fadenos a luchar contra el hambre. Participe. Haga una diferencia. Para necesidades espec\u00edficas en su \u00e1rea<\/span><\/i><span style=\"text-decoration: underline;\"><i style=\"font-size: 13px;\"><span lang=\"ES-US\" style=\"font-size: 11pt; line-height: 107%; font-family: Calibri, sans-serif; background-position: initial; background-color: white;\">,<\/span><\/i><a href=\"https:\/\/catholiccharitiesla.org\/spanish\/program-directory-by-city\/\">\u00a0haga clic aqu\u00ed<\/a><\/span>.<\/p>\n<p>[\/et_pb_text][\/et_pb_column][et_pb_column type=&#8221;2_3&#8243; _builder_version=&#8221;3.0.47&#8243; parallax=&#8221;off&#8221; parallax_method=&#8221;on&#8221;][et_pb_text _builder_version=&#8221;3.9&#8243; text_font=&#8221;Open Sans||||||||&#8221; text_text_color=&#8221;#001f5b&#8221; header_font=&#8221;PT Serif||||||||&#8221; header_text_align=&#8221;left&#8221; header_text_color=&#8221;#0073bc&#8221; header_font_size=&#8221;34&#8243; header_3_font=&#8221;PT Serif||||||||&#8221; header_3_text_align=&#8221;left&#8221; header_3_text_color=&#8221;#0073bc&#8221; header_3_font_size=&#8221;20&#8243; header_3_line_height=&#8221;1.3em&#8221;]<\/p>\n<h1>Aliviar el hambre<\/h1>\n<p style=\"margin: 0in 0in 0.0001pt; background-position: initial; background-color: white;\"><span lang=\"ES-US\" style=\"font-size: 11pt; font-family: inherit; padding: 0in; background-position: initial; background-color: white; border: 1pt none windowtext; font-weight: normal;\">El hambre no tiene fronteras. Afecta a todos los grupos de personas, independientemente del nivel de educaci\u00f3n, estado laboral o grupo \u00e9tnico. Existe en todas las comunidades y en todas las partes del pa\u00eds. Seg\u00fan las estad\u00edsticas de pobreza y hambre de Feeding America, el condado de Los \u00c1ngeles tiene el n\u00famero m\u00e1s alto de personas con inseguridad alimentaria (1.4 millones) y de ni\u00f1os con inseguridad alimentaria (563,100) en California. <o:p><\/o:p><\/span><\/p>\n<p style=\"margin: 0in 0in 0.0001pt; background-position: initial; background-color: white;\"><span lang=\"ES-US\" style=\"font-size: 11pt; font-family: inherit; padding: 0in; background-position: initial; background-color: white; border: 1pt none windowtext; font-weight: normal;\">A menudo, muchas personas que trabajan, incluso familias con dos ingresos, no pueden llegar a fin de mes o poner suficiente comida nutritiva en la mesa.<o:p><\/o:p><\/span><\/p>\n<p style=\"margin: 0in 0in 0.0001pt; background-position: initial; background-color: white;\"><span lang=\"ES-US\" style=\"font-size: 11pt; font-family: inherit; padding: 0in; background-position: initial; background-color: white; border: 1pt none windowtext; font-weight: normal;\">Caridades Cat\u00f3licas ofrece servicios de alimentos incluyendo despensa, almuerzos, comidas preparadas y distribuci\u00f3n de alimentos a personas y familias de bajos ingresos con inseguridad alimentaria, a trav\u00e9s de nuestras bancos de alimentos y sitios de distribuci\u00f3n de alimentos en los albergues y centros comunitarios.<o:p><\/o:p><\/span><\/p>\n<p style=\"margin: 0in 0in 0.0001pt; background-position: initial; background-color: white;\"><strong><i><span lang=\"ES-US\" style=\"font-size: 11pt; font-family: Calibri, sans-serif; padding: 0in; border: 1pt none windowtext;\"><strong><span style=\"font-family: inherit;\">Ay\u00fadenos a luchar contra el hambre. Invol\u00facrese. \u00a1Marque la diferencia!<\/span><\/strong><o:p><\/o:p><\/span><\/i><\/strong><\/p>\n<p>[\/et_pb_text][\/et_pb_column][\/et_pb_row][\/et_pb_section][et_pb_section fb_built=&#8221;1&#8243; _builder_version=&#8221;3.1.1&#8243; background_color=&#8221;#dddddd&#8221;][et_pb_row _builder_version=&#8221;3.0.47&#8243; background_size=&#8221;initial&#8221; background_position=&#8221;top_left&#8221; background_repeat=&#8221;repeat&#8221;][et_pb_column type=&#8221;1_3&#8243; _builder_version=&#8221;3.0.47&#8243; parallax=&#8221;off&#8221; parallax_method=&#8221;on&#8221;][et_pb_text _builder_version=&#8221;3.1.1&#8243; text_font=&#8221;Open Sans|600|||||||&#8221; text_text_color=&#8221;#001f5b&#8221;]<\/p>\n<div style=\"width: 40%; padding: 0 10px 0 0; float: left;\"><a href=\"https:\/\/catholiccharitiesla.org\/spanish\/about\/\">About<\/a><br \/>\n<a href=\"https:\/\/catholiccharitiesla.org\/spanish\/programs\/\">Programs<\/a><br \/>\n<a href=\"https:\/\/catholiccharitiesla.org\/spanish\/locations\/\">Locations<\/a><br \/>\n<a href=\"https:\/\/catholiccharitiesla.org\/spanish\/events\/\">Events<\/a><br \/>\n<a href=\"https:\/\/catholiccharitiesla.org\/spanish\/news\/\">News<\/a><br \/>\n<a href=\"https:\/\/catholiccharitiesla.org\/spanish\/how-to-help\/\">How To Help<\/a><\/div>\n<div style=\"width: 40%; padding: 0 10px 0 0; float: right;\"><a href=\"https:\/\/catholiccharitiesla.org\/spanish\/programas\/\">En Espa\u00f1ol<\/a><br \/>\n<a href=\"https:\/\/catholiccharitiesla.org\/spanish\/privacy-policy\/\">Privacy Policy<\/a><br \/>\n<a href=\"https:\/\/catholiccharitiesla.org\/spanish\/affiliations\/\">Affiliations<\/a><br \/>\n<a href=\"https:\/\/catholiccharitiesla.org\/spanish\/contact\/\">Contact Us<\/a><br \/>\n<a href=\"https:\/\/catholiccharitiesla.org\/spanish\/donate\/\">Donate Now<\/a><\/div>\n<div style=\"clear: both;\"><\/div>\n<p>[\/et_pb_text][\/et_pb_column][et_pb_column type=&#8221;1_3&#8243; _builder_version=&#8221;3.0.47&#8243; parallax=&#8221;off&#8221; parallax_method=&#8221;on&#8221;][et_pb_cta button_url=&#8221;https:\/\/catholiccharitiesla.org\/spanish\/newsletter-sign-up\/&#8221; button_text=&#8221;SUBSCRIBE&#8221; _builder_version=&#8221;3.1.1&#8243; header_text_align=&#8221;left&#8221; header_text_color=&#8221;#888888&#8243; header_font_size=&#8221;14&#8243; body_font=&#8221;Open Sans|600|||||||&#8221; body_text_color=&#8221;#888888&#8243; use_background_color=&#8221;off&#8221; custom_button=&#8221;on&#8221; button_text_size=&#8221;14px&#8221; button_text_color=&#8221;#ffffff&#8221; button_bg_color=&#8221;#c51f2a&#8221; button_border_width=&#8221;0&#8243; button_border_radius=&#8221;1px&#8221; button_font=&#8221;Open Sans|600|||||||&#8221; button_use_icon=&#8221;off&#8221; button_text_color_hover=&#8221;#ffffff&#8221; button_bg_color_hover=&#8221;#c8a722&#8243; button_border_color_hover=&#8221;#c8a722&#8243; button_alignment=&#8221;center&#8221; background_layout=&#8221;light&#8221; animation_style=&#8221;fade&#8221; saved_tabs=&#8221;all&#8221;]Sign Up To Receive Our Newsletter<br \/>\n[\/et_pb_cta][et_pb_text _builder_version=&#8221;3.1.1&#8243; text_font=&#8221;Open Sans||||||||&#8221; text_orientation=&#8221;center&#8221;]<center><a href=\"https:\/\/www.facebook.com\/Catholic.Charities.LA\" target=\"_blank\" rel=\"noopener noreferrer\"><img loading=\"lazy\" decoding=\"async\" class=\"alignnone\" src=\"https:\/\/catholiccharitiesla.org\/spanish\/wp-content\/uploads\/2018\/05\/CC_FacebookIcon.png\" alt=\"\" width=\"38\" height=\"31\" \/><\/a>\u00a0\u00a0\u00a0 <a href=\"https:\/\/www.linkedin.com\/company\/catholic-charities_4\" target=\"_blank\" rel=\"noopener noreferrer\"><img loading=\"lazy\" decoding=\"async\" class=\"alignnone\" src=\"https:\/\/catholiccharitiesla.org\/spanish\/wp-content\/uploads\/CC_LinkedInIcon.png\" alt=\"\" width=\"38\" height=\"31\" \/><\/a><\/center>[\/et_pb_text][\/et_pb_column][et_pb_column type=&#8221;1_3&#8243; _builder_version=&#8221;3.0.47&#8243; parallax=&#8221;off&#8221; parallax_method=&#8221;on&#8221;][et_pb_text _builder_version=&#8221;3.1.1&#8243; text_font=&#8221;Open Sans|600|||||||&#8221; text_text_color=&#8221;#003e7e&#8221; text_font_size=&#8221;12&#8243; text_line_height=&#8221;1.5em&#8221; custom_margin=&#8221;|||20px&#8221; animation_style=&#8221;fade&#8221;]<a href=\"https:\/\/catholiccharitiesla.org\/spanish\/\"><img loading=\"lazy\" decoding=\"async\" class=\"\" src=\"https:\/\/catholiccharitiesla.org\/spanish\/wp-content\/uploads\/2018\/05\/CatholicCharities_Logo_400px.png\" alt=\"\" width=\"170\" height=\"111\" \/><\/a><\/p>\n<p align=\"left\">1531 James M. Wood Blvd.<br \/>\nP.O. Box 15095, Los Angeles, CA 90015<br \/>\n<strong>(213) 251-3400\u00a0<\/strong> |\u00a0 <a href=\"mailto:info@CatholicCharitiesLA.org\">info@CatholicCharitiesLA.org<\/a><\/p>\n<p>[\/et_pb_text][\/et_pb_column][\/et_pb_row][\/et_pb_section][et_pb_section fb_built=&#8221;1&#8243; _builder_version=&#8221;3.1.1&#8243; global_module=&#8221;1632&#8243;][et_pb_row _builder_version=&#8221;3.0.48&#8243; background_size=&#8221;initial&#8221; background_position=&#8221;top_left&#8221; background_repeat=&#8221;repeat&#8221;][et_pb_column type=&#8221;4_4&#8243; _builder_version=&#8221;3.0.47&#8243; parallax=&#8221;off&#8221; parallax_method=&#8221;on&#8221;][et_pb_text _builder_version=&#8221;3.9&#8243; text_font=&#8221;Open Sans||||||||&#8221; text_text_color=&#8221;#888888&#8243; text_font_size=&#8221;11&#8243;]<\/p>\n<p style=\"text-align: center;\">\u00a92021 All Rights Reserved. Catholic Charities of Los Angeles, Inc.<br \/> Catholic Charities of Los Angeles, Inc. is a 501(c)(3) nonprofit, public benefit corporation accredited by the Council on Accreditation.<\/p>\n<p>[\/et_pb_text][\/et_pb_column][\/et_pb_row][\/et_pb_section]<\/p>\n","protected":false},"excerpt":{"rendered":"<p>Ay\u00fadenos a luchar contra el hambre. Participe. Haga una diferencia. Para necesidades espec\u00edficas en su \u00e1rea,\u00a0haga clic aqu\u00ed.Aliviar el hambre El hambre no tiene fronteras. Afecta a todos los grupos de personas, independientemente del nivel de educaci\u00f3n, estado laboral o grupo \u00e9tnico. Existe en todas las comunidades y en todas las partes del pa\u00eds. Seg\u00fan [&hellip;]<\/p>\n","protected":false},"author":1,"featured_media":0,"parent":0,"menu_order":0,"comment_status":"closed","ping_status":"closed","template":"","meta":{"_et_pb_use_builder":"on","_et_pb_old_content":"","_et_gb_content_width":"","_exactmetrics_skip_tracking":false,"_exactmetrics_sitenote_active":false,"_exactmetrics_sitenote_note":"","_exactmetrics_sitenote_category":0,"footnotes":""},"class_list":["post-199","page","type-page","status-publish","hentry"],"_links":{"self":[{"href":"https:\/\/catholiccharitiesla.org\/spanish\/wp-json\/wp\/v2\/pages\/199","targetHints":{"allow":["GET"]}}],"collection":[{"href":"https:\/\/catholiccharitiesla.org\/spanish\/wp-json\/wp\/v2\/pages"}],"about":[{"href":"https:\/\/catholiccharitiesla.org\/spanish\/wp-json\/wp\/v2\/types\/page"}],"author":[{"embeddable":true,"href":"https:\/\/catholiccharitiesla.org\/spanish\/wp-json\/wp\/v2\/users\/1"}],"replies":[{"embeddable":true,"href":"https:\/\/catholiccharitiesla.org\/spanish\/wp-json\/wp\/v2\/comments?post=199"}],"version-history":[{"count":14,"href":"https:\/\/catholiccharitiesla.org\/spanish\/wp-json\/wp\/v2\/pages\/199\/revisions"}],"predecessor-version":[{"id":1644,"href":"https:\/\/catholiccharitiesla.org\/spanish\/wp-json\/wp\/v2\/pages\/199\/revisions\/1644"}],"wp:attachment":[{"href":"https:\/\/catholiccharitiesla.org\/spanish\/wp-json\/wp\/v2\/media?parent=199"}],"curies":[{"name":"wp","href":"https:\/\/api.w.org\/{rel}","templated":true}]}}