{"id":210,"date":"2018-05-04T14:55:44","date_gmt":"2018-05-04T14:55:44","guid":{"rendered":"https:\/\/catholiccharitiesla.org\/spanish\/?page_id=210"},"modified":"2026-01-26T18:17:12","modified_gmt":"2026-01-26T18:17:12","slug":"transform-homelessness","status":"publish","type":"page","link":"https:\/\/catholiccharitiesla.org\/spanish\/transform-homelessness\/","title":{"rendered":"Transformar la Situaci\u00f3n de Estar Sin Hogar"},"content":{"rendered":"<p>[et_pb_section fb_built=&#8221;1&#8243; fullwidth=&#8221;on&#8221; _builder_version=&#8221;4.16&#8243; global_colors_info=&#8221;{}&#8221;][et_pb_fullwidth_image src=&#8221;https:\/\/catholiccharitiesla.org\/spanish\/wp-content\/uploads\/CC_Header_Programas_1600px-1.jpg&#8221; _builder_version=&#8221;4.16&#8243; global_colors_info=&#8221;{}&#8221;]&nbsp;<br \/>\n[\/et_pb_fullwidth_image][\/et_pb_section][et_pb_section fb_built=&#8221;1&#8243; _builder_version=&#8221;4.16&#8243; global_colors_info=&#8221;{}&#8221;][et_pb_row column_structure=&#8221;1_3,2_3&#8243; _builder_version=&#8221;4.16&#8243; background_size=&#8221;initial&#8221; background_position=&#8221;top_left&#8221; background_repeat=&#8221;repeat&#8221; global_colors_info=&#8221;{}&#8221;][et_pb_column type=&#8221;1_3&#8243; _builder_version=&#8221;4.16&#8243; custom_padding=&#8221;|||&#8221; global_colors_info=&#8221;{}&#8221; custom_padding__hover=&#8221;|||&#8221;][et_pb_image src=&#8221;https:\/\/catholiccharitiesla.org\/spanish\/wp-content\/uploads\/2018\/05\/CC_Photos_Programs_TransformHomelessness.jpg&#8221; align_tablet=&#8221;center&#8221; align_phone=&#8221;center&#8221; align_last_edited=&#8221;on|desktop&#8221; _builder_version=&#8221;4.16&#8243; global_colors_info=&#8221;{}&#8221;]&nbsp;<br \/>\n[\/et_pb_image][et_pb_text _builder_version=&#8221;4.16&#8243; text_font=&#8221;Open Sans||on||||||&#8221; text_text_color=&#8221;#ab862c&#8221; text_font_size=&#8221;13&#8243; text_line_height=&#8221;1.5em&#8221; global_colors_info=&#8221;{}&#8221;]<\/p>\n<p style=\"margin: 0in 0in 0.0001pt; background-position: initial; background-color: white;\"><i><span lang=\"ES-US\" style=\"font-size: 11pt; font-family: Calibri, sans-serif; background-position: initial; background-color: white;\">Comun\u00edquese con nuestro equipo para m\u00e1s informaci\u00f3n sobre nuestros servicios de viviendas, residencias y servicios para mujeres y ni\u00f1os en todo el condado de Los \u00c1ngeles.<\/span><\/i><\/p>\n<p>[\/et_pb_text][\/et_pb_column][et_pb_column type=&#8221;2_3&#8243; _builder_version=&#8221;4.16&#8243; custom_padding=&#8221;|||&#8221; global_colors_info=&#8221;{}&#8221; custom_padding__hover=&#8221;|||&#8221;][et_pb_text _builder_version=&#8221;4.16&#8243; text_font=&#8221;Open Sans||||||||&#8221; text_text_color=&#8221;#001f5b&#8221; header_font=&#8221;PT Serif||||||||&#8221; header_text_align=&#8221;left&#8221; header_text_color=&#8221;#0073bc&#8221; header_font_size=&#8221;34&#8243; header_3_font=&#8221;PT Serif||||||||&#8221; header_3_text_align=&#8221;left&#8221; header_3_text_color=&#8221;#0073bc&#8221; header_3_font_size=&#8221;20&#8243; header_3_line_height=&#8221;1.3em&#8221; global_colors_info=&#8221;{}&#8221;]<\/p>\n<h1>Transformar la p\u00e9rdida de viviendas<\/h1>\n<h1 style=\"margin-top: 0in; background-position: initial; background-color: white;\"><\/h1>\n<p style=\"margin: 0in 0in 0.0001pt; background-position: initial; background-color: white;\"><span style=\"font-size: 11pt; font-family: inherit; font-weight: normal;\" lang=\"ES-US\">Las enfermedades mentales, el abuso de sustancias, el desempleo, los bajos ingresos, el alto costo de la vida, un gasto o p\u00e9rdida de ingresos repentino y la falta de apoyo familiar pueden contribuir a la p\u00e9rdida de vivienda.<\/span><\/p>\n<p style=\"margin: 0in 0in 0.0001pt; background-position: initial; background-color: white;\"><span style=\"font-size: 11pt; font-family: inherit; padding: 0in; background-position: initial; background-color: white; font-weight: normal; border: 1pt none windowtext;\" lang=\"ES-US\">Los programas en Long Beach, Covina y Los \u00c1ngeles de Caridades Cat\u00f3licas abordan las causas principales de la p\u00e9rdida de vivienda para transformar las vidas de hombres, mujeres y ni\u00f1os. <\/span><\/p>\n<p style=\"margin: 0in 0in 0.0001pt; background-position: initial; background-color: white;\"><span style=\"font-family: inherit; font-weight: normal;\"><span style=\"font-size: 11pt; padding: 0in; background-position: initial; background-color: white; border: 1pt none windowtext;\" lang=\"ES-US\">Nuestros albergues de emergencia, programas de viviendas temporales y de crisis, ofrecen un refugio seguro a personas sin hogar y brindan las herramientas necesarias para llevar una vida autosuficiente. Mediante nuestros programas de prevenci\u00f3n de p\u00e9rdida de vivienda, que generalmente incluyen gesti\u00f3n de casos y ayuda financiera, las personas y familias en riesgo pueden recuperar la estabilidad en su vivienda actual. Y, a trav\u00e9s de la consejer\u00eda, la educaci\u00f3n, la capacitaci\u00f3n y el apoyo laboral, aquellos que alguna vez estuvieron sin hogar se preparan para un futuro independiente.<\/span><\/span><\/p>\n<p style=\"margin: 0in 0in 0.0001pt; background-position: initial; background-color: white;\"><span style=\"font-size: 11pt; font-family: Calibri, sans-serif;\" lang=\"ES-US\"><strong><span style=\"font-family: inherit;\">Ay\u00fadenos a luchar contra la p\u00e9rdida de vivienda. Invol\u00facrese. \u00a1Marque la diferencia!<\/span><\/strong><\/span><\/p>\n<p>&nbsp;<\/p>\n<h2>Servicios de albergue:<\/h2>\n<h3 style=\"margin: 0in 0in 0.0001pt; line-height: 15.6pt; background-position: initial; background-color: white;\"><\/h3>\n<p style=\"margin: 0in 0in 0.0001pt; background-position: initial; background-color: white;\"><span style=\"font-family: inherit; font-weight: normal;\"><strong><span style=\"font-size: 11pt; padding: 0in; border: 1pt none windowtext;\" lang=\"ES-US\">Angel\u2019s Flight para hu\u00e9rfanos y j\u00f3venes sin hogar<\/span><\/strong><span style=\"font-size: 11pt;\" lang=\"ES-US\"><br \/>Angel\u00b4s Flight acepta a j\u00f3venes de 10 a 17 a\u00f1os que han huido de sus hogares, se han quedado sin hogar o est\u00e1n en riesgo. Para m\u00e1s informaci\u00f3n llame al (213) 413-2311 o visite el albergue en 357 South Westlake Avenue, Los Angeles, CA 90057<\/span><\/span><\/p>\n<p style=\"margin: 0in 0in 0.0001pt; background-position: initial; background-color: white;\"><span style=\"font-family: inherit; font-weight: normal;\"><strong><span style=\"font-size: 11pt; padding: 0in; border: 1pt none windowtext;\" lang=\"ES-US\">Elizabeth Ann Seton Residence (EASR)<\/span><\/strong><span style=\"font-size: 11pt;\" lang=\"ES-US\"><br \/>Esta residencia ofrece refugio de emergencia a familias, mujeres embarazadas, personas discapacitadas y personas mayores que no tienen hogar. Este programa se realiza en colaboraci\u00f3n con el Long Beach Multi-Service Center para personas que no tienen hogar y a trav\u00e9s de los servicios del sitio Century Villages en Cabrillo. Para m\u00e1s informaci\u00f3n p\u00f3ngase en contacto con nuestro\u00a0<\/span><span class=\"MsoHyperlink\"><span style=\"font-size: 11pt; color: #5293e2; padding: 0in; border: 1pt none windowtext;\" lang=\"ES-US\"><a href=\"https:\/\/catholiccharitiesla.org\/spanish\/program-directory-by-city\/\" target=\"_blank\" rel=\"noopener\">personal de Long Beach<\/a><\/span><\/span><span style=\"font-size: 11pt;\" lang=\"ES-US\">. <\/span><\/span><\/p>\n<p><span style=\"font-family: inherit; font-size: 11pt; font-weight: normal;\"><strong><span style=\"padding: 0in; border: 1pt none windowtext;\" lang=\"ES-US\">Good Shepherd Center para mujeres y ni\u00f1os sin hogar<\/span><\/strong><\/span><span style=\"font-size: 11pt; font-family: Calibri, sans-serif;\" lang=\"ES-US\"><br \/><span style=\"font-weight: normal;\"> <strong><span style=\"padding: 0in; border: 1pt none windowtext;\">(Angel Guardian Home, Farley House, Hawkes Residence, y Languille Shelter)<br \/><\/span><\/strong><\/span><\/span>En 1984, y respondiendo a las necesidades urgentes de las mujeres sin hogar en el \u00e1rea del sur de California, el Good Shepherd Center abri\u00f3 un centro social y el albergue de emergencia Languille para 30 mujeres.\u00a0Con el fin de enfrentar el creciente problema de las personas sin hogar, el Good Shepherd Center lanz\u00f3\u00a0su programa ambulante de alcance comunitario en 1986, y abri\u00f3 la residencia temporal Hawkes para 30 mujeres sin hogar en 1987. En 1992, estableci\u00f3 su albergue madre-hijo para nueve madres y 21 ni\u00f1os. En 1998, abri\u00f3 la primera de las tres fases de Woman\u2019s Village; la residencia temporal Hawkes se traslad\u00f3 a la Woman\u00b4s Village y se expandi\u00f3 para servir a 30 mujeres. En mayo del 2000 se inaugur\u00f3 la segunda fase de Woman\u00b4s Village, Angel Guardian Home, una vivienda permanente para madres con hijos discapacitados. En el 2008, la tercera fase, Farley House, un programa de vivienda temporal centrado en el empleo y la educaci\u00f3n, pas\u00f3 a ser parte del Good Shepherd Center, junto con un centro de servicio al cliente y de empleo. Village Kitchen, un caf\u00e9\/programa culinario, se inaugur\u00f3 en junio del 2008. En agosto del 2011, Farley House aument\u00f3 sus servicios para incluir a 10 familias en su programa de vivienda temporal. Actualmente, Farley House cuenta con 21 apartamentos totalmente amueblados para madres sin hogar que tienen hasta dos hijos. Para m\u00e1s informaci\u00f3n, llame al (213) 235-1460 o (213) 250-5241.<\/p>\n<p><span style=\"font-family: inherit; font-size: 11pt; font-weight: normal;\"><strong><span style=\"padding: 0in; border: 1pt none windowtext;\" lang=\"ES-US\">Good Shepherd Shelter para madres y ni\u00f1os impactado por violencia dom\u00e9stica<br \/><\/span><\/strong><\/span>Provee albergue transicional para madres y ni\u00f1os impactados por violencia dom\u00e9stica. El programa incluye alojamiento, terapia informada sobre el trauma, clases de entrenamiento de habilidades para madres y ni\u00f1os de Kindergarten hasta el 5to Grado.\u00a0<span style=\"font-family: inherit; font-size: 11pt; font-weight: normal;\">Para m\u00e1s informaci\u00f3n, llame al (323) 737-6111. <a href=\"https:\/\/catholiccharitiesla.org\/good-shepherd-shelter\/\" target=\"_blank\" rel=\"noopener noreferrer\">Para m\u00e1s informaci\u00f3n haga clic aqu\u00ed.<\/a><br \/><\/span><\/p>\n<p><strong>Jobe\u00a0<\/strong><strong><br \/><\/strong>Ofrece un hogar para J\u00f3venes en Edad de Transici\u00f3n, \u00a0j\u00f3venes sin hogar ya sea hombres o mujeres que hayan cumplido la edad de salir de sistema de cuidado temporal (Foster Care).\u00a0Para m\u00e1s informaci\u00f3n llame al (818) 477-2389.<\/p>\n<p>[\/et_pb_text][\/et_pb_column][\/et_pb_row][\/et_pb_section][et_pb_section fb_built=&#8221;1&#8243; _builder_version=&#8221;4.16&#8243; background_color=&#8221;#dddddd&#8221; global_colors_info=&#8221;{}&#8221;][et_pb_row column_structure=&#8221;1_3,1_3,1_3&#8243; _builder_version=&#8221;4.16&#8243; background_size=&#8221;initial&#8221; background_position=&#8221;top_left&#8221; background_repeat=&#8221;repeat&#8221; global_colors_info=&#8221;{}&#8221;][et_pb_column type=&#8221;1_3&#8243; _builder_version=&#8221;4.16&#8243; custom_padding=&#8221;|||&#8221; global_colors_info=&#8221;{}&#8221; custom_padding__hover=&#8221;|||&#8221;][et_pb_text _builder_version=&#8221;4.16&#8243; text_font=&#8221;Open Sans|600|||||||&#8221; text_text_color=&#8221;#001f5b&#8221; global_colors_info=&#8221;{}&#8221;]<\/p>\n<div style=\"width: 40%; padding: 0 10px 0 0; float: left;\"><a href=\"https:\/\/catholiccharitiesla.org\/spanish\/about\/\">About<\/a><br \/>\n<a href=\"https:\/\/catholiccharitiesla.org\/spanish\/programs\/\">Programs<\/a><br \/>\n<a href=\"https:\/\/catholiccharitiesla.org\/spanish\/locations\/\">Locations<\/a><br \/>\n<a href=\"https:\/\/catholiccharitiesla.org\/spanish\/events\/\">Events<\/a><br \/>\n<a href=\"https:\/\/catholiccharitiesla.org\/spanish\/news\/\">News<\/a><br \/>\n<a href=\"https:\/\/catholiccharitiesla.org\/spanish\/how-to-help\/\">How To Help<\/a><\/div>\n<div style=\"width: 40%; padding: 0 10px 0 0; float: right;\"><a href=\"https:\/\/catholiccharitiesla.org\/spanish\/programas\/\">En Espa\u00f1ol<\/a><br \/>\n<a href=\"https:\/\/catholiccharitiesla.org\/spanish\/privacy-policy\/\">Privacy Policy<\/a><br \/>\n<a href=\"https:\/\/catholiccharitiesla.org\/spanish\/affiliations\/\">Affiliations<\/a><br \/>\n<a href=\"https:\/\/catholiccharitiesla.org\/spanish\/contact\/\">Contact Us<\/a><br \/>\n<a href=\"https:\/\/catholiccharitiesla.org\/spanish\/donate\/\">Donate Now<\/a><\/div>\n<div style=\"clear: both;\"><\/div>\n<p>[\/et_pb_text][\/et_pb_column][et_pb_column type=&#8221;1_3&#8243; _builder_version=&#8221;4.16&#8243; custom_padding=&#8221;|||&#8221; global_colors_info=&#8221;{}&#8221; custom_padding__hover=&#8221;|||&#8221;][et_pb_cta button_url=&#8221;https:\/\/catholiccharitiesla.org\/spanish\/newsletter-sign-up\/&#8221; button_text=&#8221;SUBSCRIBE&#8221; _builder_version=&#8221;4.16&#8243; header_text_align=&#8221;left&#8221; header_text_color=&#8221;#888888&#8243; header_font_size=&#8221;14&#8243; body_font=&#8221;Open Sans|600|||||||&#8221; body_text_color=&#8221;#888888&#8243; use_background_color=&#8221;off&#8221; custom_button=&#8221;on&#8221; button_text_size=&#8221;14px&#8221; button_text_color=&#8221;#ffffff&#8221; button_bg_color=&#8221;#c51f2a&#8221; button_border_width=&#8221;0&#8243; button_border_radius=&#8221;1px&#8221; button_font=&#8221;Open Sans|600|||||||&#8221; button_use_icon=&#8221;off&#8221; button_alignment=&#8221;center&#8221; background_layout=&#8221;light&#8221; animation_style=&#8221;fade&#8221; button_text_color_hover=&#8221;#ffffff&#8221; button_border_color_hover=&#8221;#c8a722&#8243; button_bg_color_hover=&#8221;#c8a722&#8243; saved_tabs=&#8221;all&#8221; global_colors_info=&#8221;{}&#8221; button_text_size__hover_enabled=&#8221;off&#8221; button_one_text_size__hover_enabled=&#8221;off&#8221; button_two_text_size__hover_enabled=&#8221;off&#8221; button_text_color__hover_enabled=&#8221;on&#8221; button_text_color__hover=&#8221;#ffffff&#8221; button_one_text_color__hover_enabled=&#8221;off&#8221; button_two_text_color__hover_enabled=&#8221;off&#8221; button_border_width__hover_enabled=&#8221;off&#8221; button_one_border_width__hover_enabled=&#8221;off&#8221; button_two_border_width__hover_enabled=&#8221;off&#8221; button_border_color__hover_enabled=&#8221;on&#8221; button_border_color__hover=&#8221;#c8a722&#8243; button_one_border_color__hover_enabled=&#8221;off&#8221; button_two_border_color__hover_enabled=&#8221;off&#8221; button_border_radius__hover_enabled=&#8221;off&#8221; button_one_border_radius__hover_enabled=&#8221;off&#8221; button_two_border_radius__hover_enabled=&#8221;off&#8221; button_letter_spacing__hover_enabled=&#8221;off&#8221; button_one_letter_spacing__hover_enabled=&#8221;off&#8221; button_two_letter_spacing__hover_enabled=&#8221;off&#8221; button_bg_color__hover_enabled=&#8221;on&#8221; button_bg_color__hover=&#8221;#c8a722&#8243; button_one_bg_color__hover_enabled=&#8221;off&#8221; button_two_bg_color__hover_enabled=&#8221;off&#8221;]Sign Up To Receive Our Newsletter<br \/>\n[\/et_pb_cta][et_pb_text _builder_version=&#8221;4.16&#8243; text_font=&#8221;Open Sans||||||||&#8221; text_orientation=&#8221;center&#8221; global_colors_info=&#8221;{}&#8221;]<center><a href=\"https:\/\/www.facebook.com\/Catholic.Charities.LA\" target=\"_blank\" rel=\"noopener noreferrer\"><img loading=\"lazy\" decoding=\"async\" class=\"alignnone\" src=\"https:\/\/catholiccharitiesla.org\/spanish\/wp-content\/uploads\/2018\/05\/CC_FacebookIcon.png\" alt=\"\" width=\"38\" height=\"31\" \/><\/a>\u00a0\u00a0\u00a0 <a href=\"https:\/\/www.linkedin.com\/company\/catholic-charities_4\" target=\"_blank\" rel=\"noopener noreferrer\"><img loading=\"lazy\" decoding=\"async\" class=\"alignnone\" src=\"https:\/\/catholiccharitiesla.org\/spanish\/wp-content\/uploads\/CC_LinkedInIcon.png\" alt=\"\" width=\"38\" height=\"31\" \/><\/a><\/center>[\/et_pb_text][\/et_pb_column][et_pb_column type=&#8221;1_3&#8243; _builder_version=&#8221;4.16&#8243; custom_padding=&#8221;|||&#8221; global_colors_info=&#8221;{}&#8221; custom_padding__hover=&#8221;|||&#8221;][et_pb_text _builder_version=&#8221;4.16&#8243; text_font=&#8221;Open Sans|600|||||||&#8221; text_text_color=&#8221;#003e7e&#8221; text_font_size=&#8221;12&#8243; text_line_height=&#8221;1.5em&#8221; custom_margin=&#8221;|||20px&#8221; animation_style=&#8221;fade&#8221; global_colors_info=&#8221;{}&#8221;]<a href=\"https:\/\/catholiccharitiesla.org\/spanish\/\"><img loading=\"lazy\" decoding=\"async\" class=\"\" src=\"https:\/\/catholiccharitiesla.org\/spanish\/wp-content\/uploads\/2018\/05\/CatholicCharities_Logo_400px.png\" alt=\"\" width=\"170\" height=\"111\" \/><\/a><\/p>\n<p align=\"left\">1531 James M. Wood Blvd.<br \/>\nP.O. Box 15095, Los Angeles, CA 90015<br \/>\n<strong>(213) 251-3400\u00a0<\/strong> |\u00a0 <a href=\"mailto:info@CatholicCharitiesLA.org\">info@CatholicCharitiesLA.org<\/a><\/p>\n<p>[\/et_pb_text][\/et_pb_column][\/et_pb_row][\/et_pb_section][et_pb_section fb_built=&#8221;1&#8243; _builder_version=&#8221;3.1.1&#8243; global_module=&#8221;1632&#8243; saved_tabs=&#8221;all&#8221; global_colors_info=&#8221;{}&#8221;][et_pb_row _builder_version=&#8221;4.16&#8243; background_size=&#8221;initial&#8221; background_position=&#8221;top_left&#8221; background_repeat=&#8221;repeat&#8221; global_colors_info=&#8221;{}&#8221;][et_pb_column type=&#8221;4_4&#8243; _builder_version=&#8221;4.16&#8243; custom_padding=&#8221;|||&#8221; global_colors_info=&#8221;{}&#8221; custom_padding__hover=&#8221;|||&#8221;][et_pb_text _builder_version=&#8221;4.27.4&#8243; text_font=&#8221;Open Sans||||||||&#8221; text_text_color=&#8221;#888888&#8243; text_font_size=&#8221;11&#8243; global_colors_info=&#8221;{}&#8221;]<\/p>\n<p style=\"text-align: center;\">\u00a92026 All Rights Reserved. Catholic Charities of Los Angeles, Inc.<br \/>Catholic Charities of Los Angeles, Inc. is a 501(c)(3) nonprofit, public benefit corporation accredited by the Council on Accreditation.<\/p>\n<p>[\/et_pb_text][\/et_pb_column][\/et_pb_row][\/et_pb_section]<\/p>\n","protected":false},"excerpt":{"rendered":"<p>&nbsp; &nbsp; Comun\u00edquese con nuestro equipo para m\u00e1s informaci\u00f3n sobre nuestros servicios de viviendas, residencias y servicios para mujeres y ni\u00f1os en todo el condado de Los \u00c1ngeles. Transformar la p\u00e9rdida de viviendas Las enfermedades mentales, el abuso de sustancias, el desempleo, los bajos ingresos, el alto costo de la vida, un gasto o p\u00e9rdida [&hellip;]<\/p>\n","protected":false},"author":1,"featured_media":0,"parent":0,"menu_order":0,"comment_status":"closed","ping_status":"closed","template":"","meta":{"_et_pb_use_builder":"on","_et_pb_old_content":"","_et_gb_content_width":"","_exactmetrics_skip_tracking":false,"_exactmetrics_sitenote_active":false,"_exactmetrics_sitenote_note":"","_exactmetrics_sitenote_category":0,"footnotes":""},"class_list":["post-210","page","type-page","status-publish","hentry"],"_links":{"self":[{"href":"https:\/\/catholiccharitiesla.org\/spanish\/wp-json\/wp\/v2\/pages\/210","targetHints":{"allow":["GET"]}}],"collection":[{"href":"https:\/\/catholiccharitiesla.org\/spanish\/wp-json\/wp\/v2\/pages"}],"about":[{"href":"https:\/\/catholiccharitiesla.org\/spanish\/wp-json\/wp\/v2\/types\/page"}],"author":[{"embeddable":true,"href":"https:\/\/catholiccharitiesla.org\/spanish\/wp-json\/wp\/v2\/users\/1"}],"replies":[{"embeddable":true,"href":"https:\/\/catholiccharitiesla.org\/spanish\/wp-json\/wp\/v2\/comments?post=210"}],"version-history":[{"count":26,"href":"https:\/\/catholiccharitiesla.org\/spanish\/wp-json\/wp\/v2\/pages\/210\/revisions"}],"predecessor-version":[{"id":1710,"href":"https:\/\/catholiccharitiesla.org\/spanish\/wp-json\/wp\/v2\/pages\/210\/revisions\/1710"}],"wp:attachment":[{"href":"https:\/\/catholiccharitiesla.org\/spanish\/wp-json\/wp\/v2\/media?parent=210"}],"curies":[{"name":"wp","href":"https:\/\/api.w.org\/{rel}","templated":true}]}}