{"id":214,"date":"2018-05-04T15:00:38","date_gmt":"2018-05-04T15:00:38","guid":{"rendered":"https:\/\/catholiccharitiesla.org\/spanish\/?page_id=214"},"modified":"2021-12-14T21:19:18","modified_gmt":"2021-12-14T21:19:18","slug":"guide-children-and-teens","status":"publish","type":"page","link":"https:\/\/catholiccharitiesla.org\/spanish\/guide-children-and-teens\/","title":{"rendered":"Guiar a los Ni\u00f1os y a los Adolescentes"},"content":{"rendered":"<p>[et_pb_section fb_built=&#8221;1&#8243; fullwidth=&#8221;on&#8221; _builder_version=&#8221;3.0.47&#8243;][et_pb_fullwidth_image src=&#8221;https:\/\/catholiccharitiesla.org\/spanish\/wp-content\/uploads\/CC_Header_Programas_1600px-1.jpg&#8221; _builder_version=&#8221;3.1.1&#8243;]&nbsp;<br \/>\n[\/et_pb_fullwidth_image][\/et_pb_section][et_pb_section fb_built=&#8221;1&#8243; _builder_version=&#8221;3.1.1&#8243;][et_pb_row custom_padding=&#8221;27px|0px|27px|0px|false|false&#8221; _builder_version=&#8221;3.0.47&#8243; background_size=&#8221;initial&#8221; background_position=&#8221;top_left&#8221; background_repeat=&#8221;repeat&#8221;][et_pb_column type=&#8221;1_3&#8243; _builder_version=&#8221;3.0.47&#8243; parallax=&#8221;off&#8221; parallax_method=&#8221;on&#8221;][et_pb_image src=&#8221;https:\/\/catholiccharitiesla.org\/spanish\/wp-content\/uploads\/2018\/05\/CC_Photos_Programs_GuideChildren.jpg&#8221; _builder_version=&#8221;3.1.1&#8243;]&nbsp;<br \/>\n[\/et_pb_image][et_pb_text _builder_version=&#8221;3.9&#8243; text_font=&#8221;Open Sans||on||||||&#8221; text_text_color=&#8221;#ab862c&#8221; text_font_size=&#8221;13&#8243; text_line_height=&#8221;1.5em&#8221;]<\/p>\n<p style=\"margin: 0in 0in 0.0001pt; line-height: 18pt; background-position: initial; background-color: white;\"><i><span lang=\"ES-US\" style=\"font-size: 11pt; font-family: Calibri, sans-serif;\">Nuestros programas fomentan la creatividad e iluminan los horizontes. P\u00f3ngase en contacto con nuestro equipo para obtener m\u00e1s informaci\u00f3n acerca de nuestro cuidado antes y despu\u00e9s de la escuela, los servicios de Catholic Youth Organization y de empleo para j\u00f3venes.<o:p><\/o:p><\/span><\/i><\/p>\n<p>[\/et_pb_text][\/et_pb_column][et_pb_column type=&#8221;2_3&#8243; _builder_version=&#8221;3.0.47&#8243; parallax=&#8221;off&#8221; parallax_method=&#8221;on&#8221;][et_pb_text _builder_version=&#8221;3.9&#8243; text_font=&#8221;Open Sans||||||||&#8221; text_text_color=&#8221;#001f5b&#8221; header_font=&#8221;PT Serif||||||||&#8221; header_text_align=&#8221;left&#8221; header_text_color=&#8221;#0073bc&#8221; header_font_size=&#8221;34&#8243; header_3_font=&#8221;PT Serif||||||||&#8221; header_3_text_align=&#8221;left&#8221; header_3_text_color=&#8221;#0073bc&#8221; header_3_font_size=&#8221;20&#8243; header_3_line_height=&#8221;1.3em&#8221;]<\/p>\n<h1>Orientar a los ni\u00f1os y adolescentes<\/h1>\n<p style=\"margin: 0in 0in 0.0001pt; background-position: initial; background-color: white;\"><span lang=\"ES-US\" style=\"font-size: 11pt; font-family: inherit; font-weight: normal;\">Proteger y empoderar a la pr\u00f3xima generaci\u00f3n es esencial para tener una sociedad justa. El hambre, la pobreza, la falta de vivienda y el analfabetismo en las familias pueden tener un impacto negativo en los ni\u00f1os. Para un desarrollo saludable, los ni\u00f1os necesitan seguridad, estabilidad, estilos de vida sanos, orientaci\u00f3n y estimulaci\u00f3n mental. Uno de los pilares centrales en todos nuestros programas es fortalecer a las familias, y contamos con programas dise\u00f1ados espec\u00edficamente para ni\u00f1os y adolescentes.<o:p><\/o:p><\/span><\/p>\n<p style=\"margin: 0in 0in 0.0001pt; background-position: initial; background-color: white;\"><span style=\"font-family: inherit; font-weight: normal;\"><span lang=\"ES-US\" style=\"font-size: 11pt;\">Nuestros programas juveniles para ni\u00f1os y adolescentes de bajos ingresos y en riesgo ofrecen una estructura positiva y oportunidades y actividades de aprendizaje que mejoran su educaci\u00f3n, fomentan la creatividad y alumbran sus horizontes. Los\u00a0<\/span><span lang=\"ES-US\" style=\"font-size: 11pt; color: #666666; padding: 0in; background-position: initial; background-color: white; border: 1pt none windowtext;\">periodos de pr\u00e1ctica,<\/span><span lang=\"ES-US\" style=\"font-size: 11pt;\">\u00a0la capacitaci\u00f3n laboral y la colocaci\u00f3n en empleos preparan a los j\u00f3venes en riesgo para que puedan participar en la fuerza de trabajo futura de los Estados Unidos.<o:p><\/o:p><\/span><\/span><\/p>\n<p style=\"margin: 0in 0in 0.0001pt; background-position: initial; background-color: white;\"><span style=\"font-family: inherit; font-size: 11pt; font-weight: normal;\"><em><b><span lang=\"ES-US\" style=\"padding: 0in; border: 1pt none windowtext;\">Empodere a nuestra juventud. Invol\u00facrese. \u00a1Marque la diferencia!<o:p><\/o:p><\/span><\/b><\/em><\/span><\/p>\n<p style=\"margin: 0in 0in 0.0001pt; background-position: initial; background-color: white;\"><span style=\"font-family: inherit; font-size: 11pt; font-weight: normal;\"><em><b><span lang=\"ES-US\" style=\"padding: 0in; border: 1pt none windowtext;\"><\/span><\/b><\/em><\/span><\/p>\n<p style=\"margin: 0in 0in 0.0001pt; background-position: initial; background-color: white;\"><span style=\"font-family: inherit; font-size: 11pt; font-weight: normal;\"><em><b><span lang=\"ES-US\" style=\"padding: 0in; border: 1pt none windowtext;\"><\/span><\/b><\/em><\/span><\/p>\n<h3 style=\"margin: 0in 0in 0.0001pt; line-height: 15.6pt; background-position: initial; background-color: white;\"><span lang=\"ES-US\" style=\"font-size: 11pt; font-family: Calibri, sans-serif;\"><span style=\"font-size: x-large; font-family: inherit; font-weight: normal;\">Adem\u00e1s de los programas antes mencionados, tambi\u00e9n ofrecemos los servicios espec\u00edficos a continuaci\u00f3n:<\/span><o:p><\/o:p><\/span><\/h3>\n<p style=\"margin: 0in 0in 0.0001pt; background-position: initial; background-color: white;\"><span style=\"font-family: inherit; font-weight: normal;\"><strong><span lang=\"ES-US\" style=\"font-size: 11pt; padding: 0in; border: 1pt none windowtext;\">Adeste cuidado antes y despu\u00e9s de la escuela<\/span><\/strong><span lang=\"ES-US\" style=\"font-size: 11pt;\"><br \/> Adeste es un programa de cuidado infantil de calidad y bajo costo para antes y despu\u00e9s de la escuela, que ofrece a las familias trabajadoras cuidado infantil asequible.\u00a0Para m\u00e1s informaci\u00f3n llame al (213) 318-5701 o (310) 392-8701.<\/span><\/span><\/p>\n<p style=\"margin: 0in 0in 0.0001pt; background-position: initial; background-color: white;\"><span style=\"font-family: inherit; font-size: 11pt; font-weight: normal;\"><strong><span lang=\"ES-US\" style=\"padding: 0in; border: 1pt none windowtext;\">Angel\u2019s Flight para hu\u00e9rfanos y j\u00f3venes sin hogar<\/span><\/strong><\/span><span lang=\"ES-US\" style=\"font-size: 11pt; font-family: Calibri, sans-serif;\"><br \/><span style=\"font-family: inherit; font-weight: normal;\"> Angel\u00b4s Flight acepta a j\u00f3venes de 10 a 17 a\u00f1os que han huido de sus hogares, se han quedado sin hogar o est\u00e1n en riesgo. Para m\u00e1s informaci\u00f3n, p\u00f3ngase en contacto con Patricia Chaidez al (213) 413-2311 o envi\u00e9 un correo electr\u00f3nico a PChaidez@CCharities.org, o bien visite el albergue en 357 South Westlake Avenue, Los Angeles, CA 90057.<\/span><o:p><\/o:p><\/span><\/p>\n<p style=\"margin: 0in 0in 0.0001pt; background-position: initial; background-color: white;\"><span style=\"font-family: inherit; font-weight: normal;\"><strong><span lang=\"ES-US\" style=\"font-size: 11pt; padding: 0in; border: 1pt none windowtext;\">Catholic Youth Organization <\/span><\/strong><span lang=\"ES-US\" style=\"font-size: 11pt;\"><br \/> Catholic Youth Organization (CYO, por sus siglas en ingl\u00e9s) ofrece actividades de deporte dise\u00f1adas para ni\u00f1os y ni\u00f1as del tercer al octavo grado. Para obtener m\u00e1s informaci\u00f3n, visite www.cyo-la.org o p\u00f3ngase en contacto con James McGoldrick, director de CYO por tel\u00e9fono al 213-251-3454 o envi\u00e9 un correo electr\u00f3nico a\u00a0<\/span><span class=\"MsoHyperlink\"><span lang=\"ES-US\" style=\"font-size: 11pt; color: #5293e2; padding: 0in; border: 1pt none windowtext;\"><a href=\"mailto:JMcGoldrick@CCharities.org\">JMcGoldrick@CCharities.org<\/a><\/span><\/span><\/span><span lang=\"ES-US\" style=\"font-size: 11pt; font-family: Calibri, sans-serif;\"><span style=\"font-family: inherit; font-weight: normal;\">.<\/span><o:p><\/o:p><\/span><\/p>\n<p style=\"margin: 0in 0in 0.0001pt; background-position: initial; background-color: white;\"><span style=\"font-family: inherit; font-weight: normal;\"><strong><span lang=\"ES-US\" style=\"font-size: 11pt; padding: 0in; border: 1pt none windowtext;\">Servicios de empleo juvenil<\/span><\/strong><span lang=\"ES-US\" style=\"font-size: 11pt;\"><br \/> <\/span><span lang=\"ES-US\" style=\"font-size: 11pt; color: #666666; padding: 0in; background-position: initial; background-color: white; border: 1pt none windowtext;\">Archdiocesan Youth Employment (AYE, por sus siglas en ingl\u00e9s) le ense\u00f1a a los j\u00f3venes habilidades actualizadas de trabajo que son esenciales para obtener un empleo en el mundo laboral de hoy. Para obtener m\u00e1s informaci\u00f3n, p\u00f3ngase en contacto con Robert Guti\u00e9rrez, director de AYE por tel\u00e9fono al 213-736-5456 o envi\u00e9 un correo electr\u00f3nico a <\/span><span class=\"MsoHyperlink\"><span lang=\"ES-US\" style=\"font-size: 11pt; padding: 0in; border: 1pt none windowtext;\"><a href=\"mailto:Robert@aye-la.org\">Robert@aye-la.org<\/a><\/span><\/span><span class=\"MsoHyperlink\"><span lang=\"ES-US\" style=\"font-size: 11pt; color: #5293e2; padding: 0in; border: 1pt none windowtext;\">.<\/span><\/span><\/span><span lang=\"ES-US\" style=\"font-size: 11pt; font-family: Calibri, sans-serif;\"><o:p><\/o:p><\/span><\/p>\n<p>[\/et_pb_text][\/et_pb_column][\/et_pb_row][\/et_pb_section][et_pb_section fb_built=&#8221;1&#8243; _builder_version=&#8221;3.1.1&#8243; background_color=&#8221;#dddddd&#8221;][et_pb_row _builder_version=&#8221;3.0.47&#8243; background_size=&#8221;initial&#8221; background_position=&#8221;top_left&#8221; background_repeat=&#8221;repeat&#8221;][et_pb_column type=&#8221;1_3&#8243; _builder_version=&#8221;3.0.47&#8243; parallax=&#8221;off&#8221; parallax_method=&#8221;on&#8221;][et_pb_text _builder_version=&#8221;3.1.1&#8243; text_font=&#8221;Open Sans|600|||||||&#8221; text_text_color=&#8221;#001f5b&#8221;]<\/p>\n<div style=\"width: 40%; padding: 0 10px 0 0; float: left;\"><a href=\"https:\/\/catholiccharitiesla.org\/spanish\/about\/\">About<\/a><br \/>\n<a href=\"https:\/\/catholiccharitiesla.org\/spanish\/programs\/\"><strong>Programs<\/strong><\/a><br \/>\n<a href=\"https:\/\/catholiccharitiesla.org\/spanish\/locations\/\">Locations<\/a><br \/>\n<a href=\"https:\/\/catholiccharitiesla.org\/spanish\/events\/\">Events<\/a><br \/>\n<a href=\"https:\/\/catholiccharitiesla.org\/spanish\/news\/\">News<\/a><br \/>\n<a href=\"https:\/\/catholiccharitiesla.org\/spanish\/how-to-help\/\">How To Help<\/a><\/div>\n<div style=\"width: 40%; padding: 0 10px 0 0; float: right;\"><a href=\"https:\/\/catholiccharitiesla.org\/spanish\/programas\/\">En Espa\u00f1ol<\/a><br \/>\n<a href=\"https:\/\/catholiccharitiesla.org\/spanish\/privacy-policy\/\">Privacy Policy<\/a><br \/>\n<a href=\"https:\/\/catholiccharitiesla.org\/spanish\/affiliations\/\">Affiliations<\/a><br \/>\n<a href=\"https:\/\/catholiccharitiesla.org\/spanish\/contact\/\">Contact Us<\/a><br \/>\n<a href=\"https:\/\/catholiccharitiesla.org\/spanish\/donate\/\">Donate Now<\/a><\/div>\n<div style=\"clear: both;\"><\/div>\n<p>[\/et_pb_text][\/et_pb_column][et_pb_column type=&#8221;1_3&#8243; _builder_version=&#8221;3.0.47&#8243; parallax=&#8221;off&#8221; parallax_method=&#8221;on&#8221;][et_pb_cta button_url=&#8221;https:\/\/catholiccharitiesla.org\/spanish\/newsletter-sign-up\/&#8221; button_text=&#8221;SUBSCRIBE&#8221; _builder_version=&#8221;3.1.1&#8243; header_text_align=&#8221;left&#8221; header_text_color=&#8221;#888888&#8243; header_font_size=&#8221;14&#8243; body_font=&#8221;Open Sans|600|||||||&#8221; body_text_color=&#8221;#888888&#8243; use_background_color=&#8221;off&#8221; custom_button=&#8221;on&#8221; button_text_size=&#8221;14px&#8221; button_text_color=&#8221;#ffffff&#8221; button_bg_color=&#8221;#c51f2a&#8221; button_border_width=&#8221;0&#8243; button_border_radius=&#8221;1px&#8221; button_font=&#8221;Open Sans|600|||||||&#8221; button_use_icon=&#8221;off&#8221; button_text_color_hover=&#8221;#ffffff&#8221; button_bg_color_hover=&#8221;#c8a722&#8243; button_border_color_hover=&#8221;#c8a722&#8243; button_alignment=&#8221;center&#8221; background_layout=&#8221;light&#8221; animation_style=&#8221;fade&#8221; saved_tabs=&#8221;all&#8221;]Sign Up To Receive Our Newsletter<br \/>\n[\/et_pb_cta][et_pb_text _builder_version=&#8221;3.1.1&#8243; text_font=&#8221;Open Sans||||||||&#8221; text_orientation=&#8221;center&#8221;]<center><a href=\"https:\/\/www.facebook.com\/Catholic.Charities.LA\" target=\"_blank\" rel=\"noopener noreferrer\"><img loading=\"lazy\" decoding=\"async\" class=\"alignnone\" src=\"https:\/\/catholiccharitiesla.org\/spanish\/wp-content\/uploads\/2018\/05\/CC_FacebookIcon.png\" alt=\"\" width=\"38\" height=\"31\" \/><\/a>\u00a0\u00a0\u00a0 <a href=\"https:\/\/www.linkedin.com\/company\/catholic-charities_4\" target=\"_blank\" rel=\"noopener noreferrer\"><img loading=\"lazy\" decoding=\"async\" class=\"alignnone\" src=\"https:\/\/catholiccharitiesla.org\/spanish\/wp-content\/uploads\/CC_LinkedInIcon.png\" alt=\"\" width=\"38\" height=\"31\" \/><\/a><\/center>[\/et_pb_text][\/et_pb_column][et_pb_column type=&#8221;1_3&#8243; _builder_version=&#8221;3.0.47&#8243; parallax=&#8221;off&#8221; parallax_method=&#8221;on&#8221;][et_pb_text _builder_version=&#8221;3.1.1&#8243; text_font=&#8221;Open Sans|600|||||||&#8221; text_text_color=&#8221;#003e7e&#8221; text_font_size=&#8221;12&#8243; text_line_height=&#8221;1.5em&#8221; custom_margin=&#8221;|||20px&#8221; animation_style=&#8221;fade&#8221;]<a href=\"https:\/\/catholiccharitiesla.org\/spanish\/\"><img loading=\"lazy\" decoding=\"async\" class=\"\" src=\"https:\/\/catholiccharitiesla.org\/spanish\/wp-content\/uploads\/2018\/05\/CatholicCharities_Logo_400px.png\" alt=\"\" width=\"170\" height=\"111\" \/><\/a><\/p>\n<p align=\"left\">1531 James M. Wood Blvd.<br \/>\nP.O. Box 15095, Los Angeles, CA 90015<br \/>\n<strong>(213) 251-3400\u00a0<\/strong> |\u00a0 <a href=\"mailto:info@CatholicCharitiesLA.org\">info@CatholicCharitiesLA.org<\/a><\/p>\n<p>[\/et_pb_text][\/et_pb_column][\/et_pb_row][\/et_pb_section][et_pb_section fb_built=&#8221;1&#8243; _builder_version=&#8221;3.1.1&#8243; global_module=&#8221;1632&#8243;][et_pb_row _builder_version=&#8221;3.0.48&#8243; background_size=&#8221;initial&#8221; background_position=&#8221;top_left&#8221; background_repeat=&#8221;repeat&#8221;][et_pb_column type=&#8221;4_4&#8243; _builder_version=&#8221;3.0.47&#8243; parallax=&#8221;off&#8221; parallax_method=&#8221;on&#8221;][et_pb_text _builder_version=&#8221;3.9&#8243; text_font=&#8221;Open Sans||||||||&#8221; text_text_color=&#8221;#888888&#8243; text_font_size=&#8221;11&#8243;]<\/p>\n<p style=\"text-align: center;\">\u00a92021 All Rights Reserved. Catholic Charities of Los Angeles, Inc.<br \/> Catholic Charities of Los Angeles, Inc. is a 501(c)(3) nonprofit, public benefit corporation accredited by the Council on Accreditation.<\/p>\n<p>[\/et_pb_text][\/et_pb_column][\/et_pb_row][\/et_pb_section]<\/p>\n","protected":false},"excerpt":{"rendered":"<p>&nbsp; &nbsp; Nuestros programas fomentan la creatividad e iluminan los horizontes. P\u00f3ngase en contacto con nuestro equipo para obtener m\u00e1s informaci\u00f3n acerca de nuestro cuidado antes y despu\u00e9s de la escuela, los servicios de Catholic Youth Organization y de empleo para j\u00f3venes.Orientar a los ni\u00f1os y adolescentes Proteger y empoderar a la pr\u00f3xima generaci\u00f3n es [&hellip;]<\/p>\n","protected":false},"author":1,"featured_media":0,"parent":0,"menu_order":0,"comment_status":"closed","ping_status":"closed","template":"","meta":{"_et_pb_use_builder":"on","_et_pb_old_content":"","_et_gb_content_width":"","_exactmetrics_skip_tracking":false,"_exactmetrics_sitenote_active":false,"_exactmetrics_sitenote_note":"","_exactmetrics_sitenote_category":0,"footnotes":""},"class_list":["post-214","page","type-page","status-publish","hentry"],"_links":{"self":[{"href":"https:\/\/catholiccharitiesla.org\/spanish\/wp-json\/wp\/v2\/pages\/214","targetHints":{"allow":["GET"]}}],"collection":[{"href":"https:\/\/catholiccharitiesla.org\/spanish\/wp-json\/wp\/v2\/pages"}],"about":[{"href":"https:\/\/catholiccharitiesla.org\/spanish\/wp-json\/wp\/v2\/types\/page"}],"author":[{"embeddable":true,"href":"https:\/\/catholiccharitiesla.org\/spanish\/wp-json\/wp\/v2\/users\/1"}],"replies":[{"embeddable":true,"href":"https:\/\/catholiccharitiesla.org\/spanish\/wp-json\/wp\/v2\/comments?post=214"}],"version-history":[{"count":16,"href":"https:\/\/catholiccharitiesla.org\/spanish\/wp-json\/wp\/v2\/pages\/214\/revisions"}],"predecessor-version":[{"id":1649,"href":"https:\/\/catholiccharitiesla.org\/spanish\/wp-json\/wp\/v2\/pages\/214\/revisions\/1649"}],"wp:attachment":[{"href":"https:\/\/catholiccharitiesla.org\/spanish\/wp-json\/wp\/v2\/media?parent=214"}],"curies":[{"name":"wp","href":"https:\/\/api.w.org\/{rel}","templated":true}]}}