{"id":281,"date":"2018-05-16T07:04:52","date_gmt":"2018-05-16T07:04:52","guid":{"rendered":"https:\/\/catholiccharitiesla.org\/spanish\/?page_id=281"},"modified":"2023-11-16T00:42:09","modified_gmt":"2023-11-16T00:42:09","slug":"san-fernando-region","status":"publish","type":"page","link":"https:\/\/catholiccharitiesla.org\/spanish\/san-fernando-region\/","title":{"rendered":"Regi\u00f3n de San Fernando"},"content":{"rendered":"<p>[et_pb_section fb_built=&#8221;1&#8243; fullwidth=&#8221;on&#8221; _builder_version=&#8221;4.16&#8243; global_colors_info=&#8221;{}&#8221;][et_pb_fullwidth_image src=&#8221;https:\/\/catholiccharitiesla.org\/spanish\/wp-content\/uploads\/ubicaciones.jpg&#8221; _builder_version=&#8221;4.16&#8243; global_colors_info=&#8221;{}&#8221;]&nbsp;<br \/>\n[\/et_pb_fullwidth_image][\/et_pb_section][et_pb_section fb_built=&#8221;1&#8243; _builder_version=&#8221;4.16&#8243; global_colors_info=&#8221;{}&#8221;][et_pb_row _builder_version=&#8221;4.16&#8243; background_size=&#8221;initial&#8221; background_position=&#8221;top_left&#8221; background_repeat=&#8221;repeat&#8221; global_colors_info=&#8221;{}&#8221; column_structure=&#8221;1_3,2_3&#8243;][et_pb_column type=&#8221;1_3&#8243; _builder_version=&#8221;4.16&#8243; custom_padding=&#8221;|||&#8221; global_colors_info=&#8221;{}&#8221; custom_padding__hover=&#8221;|||&#8221;][et_pb_image src=&#8221;https:\/\/catholiccharitiesla.org\/spanish\/wp-content\/uploads\/2018\/05\/CC_Photos_Locations_SanFernando.jpg&#8221; align_tablet=&#8221;center&#8221; align_last_edited=&#8221;on|desktop&#8221; _builder_version=&#8221;4.16&#8243; global_colors_info=&#8221;{}&#8221; align_phone=&#8221;center&#8221;]&nbsp;<br \/>\n[\/et_pb_image][et_pb_text _builder_version=&#8221;4.16&#8243; text_font=&#8221;Open Sans||on||||||&#8221; text_text_color=&#8221;#ab862c&#8221; text_font_size=&#8221;13&#8243; text_line_height=&#8221;1.5em&#8221; global_colors_info=&#8221;{}&#8221;]<i style=\"font-size: 13px;\"><span lang=\"ES-US\" style=\"font-size: 10pt; line-height: 107%; font-family: 'Open Sans', sans-serif; background-position: initial; background-color: white;\">Pintura del <\/span><span lang=\"ES\" style=\"font-size: 10pt; line-height: 107%; font-family: 'Open Sans', sans-serif; background-position: initial; background-color: white;\">Guadalupe Community Center\u00a0<\/span><span lang=\"ES-US\" style=\"font-size: 10pt; line-height: 107%; font-family: 'Open Sans', sans-serif; background-position: initial; background-color: white;\">realizada por el artista voluntario y galardonado, Dwight Williams. Para informaci\u00f3n acerca de los centros de servicios comunitarios\u00a0haga\u00a0<\/span><\/i><a href=\"https:\/\/catholiccharitiesla.org\/spanish\/program-directory-by-city\/\">clic aqu\u00ed.<\/a><\/p>\n<p>&nbsp;<\/p>\n<p>&nbsp;<\/p>\n<p>&nbsp;<br \/>\n[\/et_pb_text][et_pb_text _builder_version=&#8221;4.16&#8243; text_font=&#8221;Open Sans||on||||||&#8221; text_text_color=&#8221;#ab862c&#8221; text_font_size=&#8221;13&#8243; text_line_height=&#8221;1.5em&#8221; global_colors_info=&#8221;{}&#8221;]<\/p>\n<h4 style=\"text-align: center;\"><a href=\"https:\/\/catholiccharitiesla.org\/spanish\/wp-content\/uploads\/OASIS-Brochure-Spanish-Final-1.pdf\">OASIS Folleto<\/a><\/h4>\n<p>[\/et_pb_text][et_pb_image src=&#8221;https:\/\/catholiccharitiesla.org\/spanish\/wp-content\/uploads\/OASIS.jpg&#8221; url=&#8221;https:\/\/catholiccharitiesla.org\/spanish\/wp-content\/uploads\/OASIS-Brochure-Spanish-Final-1.pdf&#8221; align_tablet=&#8221;center&#8221; align_last_edited=&#8221;on|desktop&#8221; _builder_version=&#8221;4.16&#8243; global_colors_info=&#8221;{}&#8221; align_phone=&#8221;center&#8221;]&nbsp;<br \/>\n[\/et_pb_image][\/et_pb_column][et_pb_column type=&#8221;2_3&#8243; _builder_version=&#8221;4.16&#8243; custom_padding=&#8221;|||&#8221; global_colors_info=&#8221;{}&#8221; custom_padding__hover=&#8221;|||&#8221;][et_pb_text _builder_version=&#8221;4.16&#8243; text_font=&#8221;Open Sans||||||||&#8221; text_text_color=&#8221;#001f5b&#8221; header_font=&#8221;PT Serif||||||||&#8221; header_text_align=&#8221;left&#8221; header_text_color=&#8221;#0073bc&#8221; header_font_size=&#8221;34&#8243; header_3_font=&#8221;PT Serif||||||||&#8221; header_3_text_align=&#8221;left&#8221; header_3_text_color=&#8221;#0073bc&#8221; header_3_font_size=&#8221;20&#8243; header_3_line_height=&#8221;1.3em&#8221; global_colors_info=&#8221;{}&#8221;]<\/p>\n<h1>Regi\u00f3n de San Fernando<\/h1>\n<p style=\"margin: 0in 0in 0.0001pt; background-position: initial; background-color: white;\"><span lang=\"ES-US\" style=\"font-size: 10.5pt; font-family: 'Open Sans', sans-serif;\">La Regi\u00f3n de San Fernando de Caridades Cat\u00f3licas cubre los Valles de San Fernando, Santa Clarita y Antelope.<\/span><\/p>\n<p><span style=\"font-family: 'Open Sans', sans-serif; font-size: 10.5pt;\">La Regi\u00f3n de San Fernando ofrece servicios a los residentes necesitados del Valle de San Fernando, desde Glendale y Burbank hasta Canoga Park y Chatsworth. Opera tres centros de servicios comunitarios y un centro de trabajadores cualificados temporales; ofrece alimentos mediante su programa Loaves and Fishes, ropa\/tienda de segunda mano, apoyo en el hogar para personas mayores, gesti\u00f3n de casos, programas para j\u00f3venes, programas de trabajadores jornaleros y servicios para refugiados e inmigrantes.<\/span><span style=\"font-size: 14px;\">.<\/span><\/p>\n<p><img loading=\"lazy\" decoding=\"async\" class=\"wp-image-671 alignnone\" src=\"https:\/\/catholiccharitiesla.org\/spanish\/wp-content\/uploads\/CCLA_RegionLogo_SanFernando-300x231.png\" alt=\"\" width=\"225\" height=\"173\" srcset=\"https:\/\/catholiccharitiesla.org\/spanish\/wp-content\/uploads\/CCLA_RegionLogo_SanFernando-300x231.png 300w, https:\/\/catholiccharitiesla.org\/spanish\/wp-content\/uploads\/CCLA_RegionLogo_SanFernando.png 600w\" sizes=\"(max-width: 225px) 100vw, 225px\" \/><\/p>\n<p>Director regional: Sandra Yanez, MA<br \/>T\u00e9lefono: (213) 251-3549<br \/><span lang=\"ES-US\" style=\"font-size: 10.5pt; line-height: 107%; font-family: 'Open Sans', sans-serif;\">Correo electr\u00f3nico:\u00a0<\/span><a href=\"mailto:syanez@ccharities.org\">syanez@ccharities.org<\/a><br \/>Oficina principal: 21600 Hart Street, Canoga Park, CA 91303<\/p>\n<h3>Burbank<\/h3>\n<p class=\"p1\">Centro de Trabajadores<br \/>1190 Flower Street, Burbank, CA 91502<br \/>(818) 566-7148<\/p>\n<h3>Canoga Park<\/h3>\n<p class=\"p1\"><span style=\"background-color: #ffffff; font-size: 14px;\">Centro de Servicios Comunitarios de<\/span><span style=\"background-color: #ffffff; font-size: 14px;\">\u00a0<\/span>Guadelupe<br \/>21600 Hart Street, Canoga Park, CA 91303<br \/>(213) 251-3549<\/p>\n<h3>Glendale<\/h3>\n<p class=\"p1\"><span style=\"background-color: #ffffff; font-size: 14px;\">Centro de Servicios Comunitarios de<\/span><span style=\"background-color: #ffffff; font-size: 14px;\">\u00a0<\/span>Glendale<br \/>4322 San Fernando Road, Glendale, CA 91204<br \/>(213) 318-5707<\/p>\n<h3>Van Nuys<\/h3>\n<p>Loaves &amp; Fishes II<br \/>7309 Van Nuys Blvd., Van Nuys, CA 91405<br \/>(818) 997-0943<\/p>\n<p>[\/et_pb_text][\/et_pb_column][\/et_pb_row][\/et_pb_section][et_pb_section fb_built=&#8221;1&#8243; _builder_version=&#8221;4.16&#8243; background_color=&#8221;#dddddd&#8221; global_colors_info=&#8221;{}&#8221;][et_pb_row _builder_version=&#8221;4.16&#8243; background_size=&#8221;initial&#8221; background_position=&#8221;top_left&#8221; background_repeat=&#8221;repeat&#8221; global_colors_info=&#8221;{}&#8221; column_structure=&#8221;1_3,1_3,1_3&#8243;][et_pb_column type=&#8221;1_3&#8243; _builder_version=&#8221;4.16&#8243; custom_padding=&#8221;|||&#8221; global_colors_info=&#8221;{}&#8221; custom_padding__hover=&#8221;|||&#8221;][et_pb_text _builder_version=&#8221;4.16&#8243; text_font=&#8221;Open Sans|600|||||||&#8221; text_text_color=&#8221;#001f5b&#8221; global_colors_info=&#8221;{}&#8221;]<\/p>\n<div style=\"width: 40%; padding: 0 10px 0 0; float: left;\"><a href=\"https:\/\/catholiccharitiesla.org\/spanish\/about\/\">About<\/a><br \/>\n<a href=\"https:\/\/catholiccharitiesla.org\/spanish\/programs\/\">Programs<\/a><br \/>\n<a href=\"https:\/\/catholiccharitiesla.org\/spanish\/locations\/\"><strong>Locations<\/strong><\/a><br \/>\n<a href=\"https:\/\/catholiccharitiesla.org\/spanish\/events\/\">Events<\/a><br \/>\n<a href=\"https:\/\/catholiccharitiesla.org\/spanish\/news\/\">News<\/a><br \/>\n<a href=\"https:\/\/catholiccharitiesla.org\/spanish\/how-to-help\/\">How To Help<\/a><\/div>\n<div style=\"width: 40%; padding: 0 10px 0 0; float: right;\"><a href=\"https:\/\/catholiccharitiesla.org\/spanish\/programas\/\">En Espa\u00f1ol<\/a><br \/>\n<a href=\"https:\/\/catholiccharitiesla.org\/spanish\/privacy-policy\/\">Privacy Policy<\/a><br \/>\n<a href=\"https:\/\/catholiccharitiesla.org\/spanish\/affiliations\/\">Affiliations<\/a><br \/>\n<a href=\"https:\/\/catholiccharitiesla.org\/spanish\/contact\/\">Contact Us<\/a><br \/>\n<a href=\"https:\/\/catholiccharitiesla.org\/spanish\/donate\/\">Donate Now<\/a><\/div>\n<div style=\"clear: both;\"><\/div>\n<p>[\/et_pb_text][\/et_pb_column][et_pb_column type=&#8221;1_3&#8243; _builder_version=&#8221;4.16&#8243; custom_padding=&#8221;|||&#8221; global_colors_info=&#8221;{}&#8221; custom_padding__hover=&#8221;|||&#8221;][et_pb_cta button_url=&#8221;https:\/\/catholiccharitiesla.org\/spanish\/newsletter-sign-up\/&#8221; button_text=&#8221;SUBSCRIBE&#8221; _builder_version=&#8221;4.16&#8243; header_text_align=&#8221;left&#8221; header_text_color=&#8221;#888888&#8243; header_font_size=&#8221;14&#8243; body_font=&#8221;Open Sans|600|||||||&#8221; body_text_color=&#8221;#888888&#8243; use_background_color=&#8221;off&#8221; custom_button=&#8221;on&#8221; button_text_size=&#8221;14px&#8221; button_text_color=&#8221;#ffffff&#8221; button_bg_color=&#8221;#c51f2a&#8221; button_border_width=&#8221;0&#8243; button_border_radius=&#8221;1px&#8221; button_font=&#8221;Open Sans|600|||||||&#8221; button_use_icon=&#8221;off&#8221; button_alignment=&#8221;center&#8221; background_layout=&#8221;light&#8221; animation_style=&#8221;fade&#8221; button_text_color_hover=&#8221;#ffffff&#8221; button_border_color_hover=&#8221;#c8a722&#8243; button_bg_color_hover=&#8221;#c8a722&#8243; saved_tabs=&#8221;all&#8221; global_colors_info=&#8221;{}&#8221; button_text_size__hover_enabled=&#8221;off&#8221; button_one_text_size__hover_enabled=&#8221;off&#8221; button_two_text_size__hover_enabled=&#8221;off&#8221; button_text_color__hover_enabled=&#8221;on&#8221; button_text_color__hover=&#8221;#ffffff&#8221; button_one_text_color__hover_enabled=&#8221;off&#8221; button_two_text_color__hover_enabled=&#8221;off&#8221; button_border_width__hover_enabled=&#8221;off&#8221; button_one_border_width__hover_enabled=&#8221;off&#8221; button_two_border_width__hover_enabled=&#8221;off&#8221; button_border_color__hover_enabled=&#8221;on&#8221; button_border_color__hover=&#8221;#c8a722&#8243; button_one_border_color__hover_enabled=&#8221;off&#8221; button_two_border_color__hover_enabled=&#8221;off&#8221; button_border_radius__hover_enabled=&#8221;off&#8221; button_one_border_radius__hover_enabled=&#8221;off&#8221; button_two_border_radius__hover_enabled=&#8221;off&#8221; button_letter_spacing__hover_enabled=&#8221;off&#8221; button_one_letter_spacing__hover_enabled=&#8221;off&#8221; button_two_letter_spacing__hover_enabled=&#8221;off&#8221; button_bg_color__hover_enabled=&#8221;on&#8221; button_bg_color__hover=&#8221;#c8a722&#8243; button_one_bg_color__hover_enabled=&#8221;off&#8221; button_two_bg_color__hover_enabled=&#8221;off&#8221;]Sign Up To Receive Our Newsletter<br \/>\n[\/et_pb_cta][et_pb_text _builder_version=&#8221;4.16&#8243; text_font=&#8221;Open Sans||||||||&#8221; text_orientation=&#8221;center&#8221; global_colors_info=&#8221;{}&#8221;]<center><a href=\"https:\/\/www.facebook.com\/Catholic.Charities.LA\" target=\"_blank\" rel=\"noopener noreferrer\"><img loading=\"lazy\" decoding=\"async\" class=\"alignnone\" src=\"https:\/\/catholiccharitiesla.org\/spanish\/wp-content\/uploads\/2018\/05\/CC_FacebookIcon.png\" alt=\"\" width=\"38\" height=\"31\" \/><\/a>\u00a0\u00a0\u00a0 <a href=\"https:\/\/www.linkedin.com\/company\/catholic-charities_4\" target=\"_blank\" rel=\"noopener noreferrer\"><img loading=\"lazy\" decoding=\"async\" class=\"alignnone\" src=\"https:\/\/catholiccharitiesla.org\/spanish\/wp-content\/uploads\/CC_LinkedInIcon.png\" alt=\"\" width=\"38\" height=\"31\" \/><\/a><\/center>[\/et_pb_text][\/et_pb_column][et_pb_column type=&#8221;1_3&#8243; _builder_version=&#8221;4.16&#8243; custom_padding=&#8221;|||&#8221; global_colors_info=&#8221;{}&#8221; custom_padding__hover=&#8221;|||&#8221;][et_pb_text _builder_version=&#8221;4.16&#8243; text_font=&#8221;Open Sans|600|||||||&#8221; text_text_color=&#8221;#003e7e&#8221; text_font_size=&#8221;12&#8243; text_line_height=&#8221;1.5em&#8221; custom_margin=&#8221;|||20px&#8221; animation_style=&#8221;fade&#8221; global_colors_info=&#8221;{}&#8221;]<a href=\"https:\/\/catholiccharitiesla.org\/spanish\/\"><img loading=\"lazy\" decoding=\"async\" src=\"https:\/\/catholiccharitiesla.org\/spanish\/wp-content\/uploads\/2018\/05\/CatholicCharities_Logo_400px.png\" alt=\"\" width=\"170\" height=\"111\" \/><\/a><\/p>\n<p align=\"left\">1531 James M. Wood Blvd.<br \/>\nP.O. Box 15095, Los Angeles, CA 90015<br \/>\n<strong>(213) 251-3400\u00a0<\/strong> |\u00a0 <a href=\"mailto:info@CatholicCharitiesLA.org\">info@CatholicCharitiesLA.org<\/a><\/p>\n<p>[\/et_pb_text][\/et_pb_column][\/et_pb_row][\/et_pb_section][et_pb_section fb_built=&#8221;1&#8243; _builder_version=&#8221;3.1.1&#8243; global_module=&#8221;1632&#8243; saved_tabs=&#8221;all&#8221; global_colors_info=&#8221;{}&#8221;][et_pb_row _builder_version=&#8221;4.16&#8243; background_size=&#8221;initial&#8221; background_position=&#8221;top_left&#8221; background_repeat=&#8221;repeat&#8221; global_colors_info=&#8221;{}&#8221;][et_pb_column type=&#8221;4_4&#8243; _builder_version=&#8221;4.16&#8243; custom_padding=&#8221;|||&#8221; global_colors_info=&#8221;{}&#8221; custom_padding__hover=&#8221;|||&#8221;][et_pb_text _builder_version=&#8221;4.20.4&#8243; text_font=&#8221;Open Sans||||||||&#8221; text_text_color=&#8221;#888888&#8243; text_font_size=&#8221;11&#8243; global_colors_info=&#8221;{}&#8221;]<\/p>\n<p style=\"text-align: center;\">\u00a92023 All Rights Reserved. Catholic Charities of Los Angeles, Inc.<br \/> Catholic Charities of Los Angeles, Inc. is a 501(c)(3) nonprofit, public benefit corporation accredited by the Council on Accreditation.<\/p>\n<p>[\/et_pb_text][\/et_pb_column][\/et_pb_row][\/et_pb_section]<\/p>\n","protected":false},"excerpt":{"rendered":"<p>&nbsp; &nbsp; Pintura del Guadalupe Community Center\u00a0realizada por el artista voluntario y galardonado, Dwight Williams. Para informaci\u00f3n acerca de los centros de servicios comunitarios\u00a0haga\u00a0clic aqu\u00ed. &nbsp; &nbsp; &nbsp; OASIS Folleto &nbsp; Regi\u00f3n de San Fernando La Regi\u00f3n de San Fernando de Caridades Cat\u00f3licas cubre los Valles de San Fernando, Santa Clarita y Antelope. La Regi\u00f3n [&hellip;]<\/p>\n","protected":false},"author":1,"featured_media":0,"parent":0,"menu_order":0,"comment_status":"closed","ping_status":"closed","template":"","meta":{"_et_pb_use_builder":"on","_et_pb_old_content":"","_et_gb_content_width":"","_exactmetrics_skip_tracking":false,"_exactmetrics_sitenote_active":false,"_exactmetrics_sitenote_note":"","_exactmetrics_sitenote_category":0,"footnotes":""},"class_list":["post-281","page","type-page","status-publish","hentry"],"_links":{"self":[{"href":"https:\/\/catholiccharitiesla.org\/spanish\/wp-json\/wp\/v2\/pages\/281","targetHints":{"allow":["GET"]}}],"collection":[{"href":"https:\/\/catholiccharitiesla.org\/spanish\/wp-json\/wp\/v2\/pages"}],"about":[{"href":"https:\/\/catholiccharitiesla.org\/spanish\/wp-json\/wp\/v2\/types\/page"}],"author":[{"embeddable":true,"href":"https:\/\/catholiccharitiesla.org\/spanish\/wp-json\/wp\/v2\/users\/1"}],"replies":[{"embeddable":true,"href":"https:\/\/catholiccharitiesla.org\/spanish\/wp-json\/wp\/v2\/comments?post=281"}],"version-history":[{"count":40,"href":"https:\/\/catholiccharitiesla.org\/spanish\/wp-json\/wp\/v2\/pages\/281\/revisions"}],"predecessor-version":[{"id":1677,"href":"https:\/\/catholiccharitiesla.org\/spanish\/wp-json\/wp\/v2\/pages\/281\/revisions\/1677"}],"wp:attachment":[{"href":"https:\/\/catholiccharitiesla.org\/spanish\/wp-json\/wp\/v2\/media?parent=281"}],"curies":[{"name":"wp","href":"https:\/\/api.w.org\/{rel}","templated":true}]}}