{"id":291,"date":"2018-05-16T07:08:46","date_gmt":"2018-05-16T07:08:46","guid":{"rendered":"https:\/\/catholiccharitiesla.org\/spanish\/?page_id=291"},"modified":"2023-11-10T20:12:22","modified_gmt":"2023-11-10T20:12:22","slug":"santa-barbara-county","status":"publish","type":"page","link":"https:\/\/catholiccharitiesla.org\/spanish\/santa-barbara-county\/","title":{"rendered":"Regi\u00f3n de Santa B\u00e1rbara &#8211; Condado de Santa B\u00e1rbara"},"content":{"rendered":"<p>[et_pb_section fb_built=&#8221;1&#8243; fullwidth=&#8221;on&#8221; _builder_version=&#8221;4.16&#8243; global_colors_info=&#8221;{}&#8221;][et_pb_fullwidth_image src=&#8221;https:\/\/catholiccharitiesla.org\/spanish\/wp-content\/uploads\/ubicaciones.jpg&#8221; _builder_version=&#8221;4.16&#8243; global_colors_info=&#8221;{}&#8221;]&nbsp;<br \/>\n[\/et_pb_fullwidth_image][\/et_pb_section][et_pb_section fb_built=&#8221;1&#8243; _builder_version=&#8221;4.16&#8243; global_colors_info=&#8221;{}&#8221;][et_pb_row column_structure=&#8221;1_3,2_3&#8243; _builder_version=&#8221;4.16&#8243; background_size=&#8221;initial&#8221; background_position=&#8221;top_left&#8221; background_repeat=&#8221;repeat&#8221; global_colors_info=&#8221;{}&#8221;][et_pb_column type=&#8221;1_3&#8243; _builder_version=&#8221;4.16&#8243; custom_padding=&#8221;|||&#8221; global_colors_info=&#8221;{}&#8221; custom_padding__hover=&#8221;|||&#8221;][et_pb_image src=&#8221;https:\/\/catholiccharitiesla.org\/spanish\/wp-content\/uploads\/2018\/05\/CC_Photos_Locations_SantaBarbara.jpg&#8221; align_tablet=&#8221;center&#8221; align_phone=&#8221;center&#8221; align_last_edited=&#8221;on|desktop&#8221; _builder_version=&#8221;4.16&#8243; global_colors_info=&#8221;{}&#8221;]&nbsp;<br \/>\n[\/et_pb_image][et_pb_text _builder_version=&#8221;4.16&#8243; text_font=&#8221;Open Sans||on||||||&#8221; text_text_color=&#8221;#ab862c&#8221; text_font_size=&#8221;13&#8243; text_line_height=&#8221;1.5em&#8221; global_colors_info=&#8221;{}&#8221;]<span style=\"font-size: 13px;\"><i style=\"font-size: 13px;\"><span lang=\"ES-US\" style=\"font-size: 10pt; line-height: 107%; font-family: 'Open Sans', sans-serif; background-position: initial; background-color: white;\">La Regi\u00f3n de Santa B\u00e1rbara de Caridades Cat\u00f3licas<span style=\"padding: 0in; border: 1pt none windowtext;\"> cubre los condados de Santa B\u00e1rbara y Ventura. Para informaci\u00f3n acerca de los servicios comunitarios, hag<\/span><\/span><\/i>a <\/span><a style=\"font-size: 13px;\" href=\"https:\/\/catholiccharitiesla.org\/spanish\/program-directory-by-city\/\">clic aqu\u00ee<\/a><span style=\"font-size: 13px;\">.<\/span><br \/>\n[\/et_pb_text][\/et_pb_column][et_pb_column type=&#8221;2_3&#8243; _builder_version=&#8221;4.16&#8243; custom_padding=&#8221;|||&#8221; global_colors_info=&#8221;{}&#8221; custom_padding__hover=&#8221;|||&#8221;][et_pb_text _builder_version=&#8221;4.16&#8243; text_font=&#8221;Open Sans||||||||&#8221; text_text_color=&#8221;#001f5b&#8221; header_font=&#8221;PT Serif||||||||&#8221; header_text_align=&#8221;left&#8221; header_text_color=&#8221;#0073bc&#8221; header_font_size=&#8221;34&#8243; header_3_font=&#8221;PT Serif||||||||&#8221; header_3_text_align=&#8221;left&#8221; header_3_text_color=&#8221;#0073bc&#8221; header_3_font_size=&#8221;20&#8243; header_3_line_height=&#8221;1.3em&#8221; global_colors_info=&#8221;{}&#8221;]<\/p>\n<h1>Regi\u00f3n de Santa B\u00e1rbara<\/h1>\n<h3>Condado de Santa B\u00e1rbara<\/h3>\n<p style=\"margin: 0in 0in 0.0001pt; background-position: initial; background-color: white;\"><span lang=\"ES-US\" style=\"font-size: 10.5pt; font-family: 'Open Sans', sans-serif;\">La Regi\u00f3n de Santa B\u00e1rbara de Caridades Cat\u00f3licas cubre los condados de Ventura y Santa B\u00e1rbara. El \u00e1rea de Caridades Cat\u00f3licas del condado de Santa B\u00e1rbara sirve a comunidades que incluyen el Valle de Cuyama, Carpinter\u00eda, Guadalupe, Lompoc, Santa Mar\u00eda y Santa B\u00e1rbara. Desde 1924 la regi\u00f3n ha proporcionado servicios de prevenci\u00f3n del hambre y apoyo a familias sin hogar y de bajos ingresos en todas las comunidades a lo largo de todo el condado de Santa B\u00e1rbara. La Regi\u00f3n tiene tres centros de despensas y varios sitios de distribuci\u00f3n de alimentos.<\/span><\/p>\n<p style=\"margin: 0in 0in 0.0001pt; background-position: initial; background-color: white;\"><span lang=\"ES-US\" style=\"font-size: 10.5pt; font-family: 'Open Sans', sans-serif;\">Otros servicios que se ofrecen incluyen la gesti\u00f3n de casos, asistencia financiera, asistencia econ\u00f3mica para los servicios de contratistas especializados, y servicios de consejer\u00eda individual y familiar. La tienda <\/span><span lang=\"ES\" style=\"font-size: 10.5pt; font-family: 'Open Sans', sans-serif; background-position: initial; background-color: white;\">Thrifty Shopper\u00a0<\/span><span lang=\"ES-US\" style=\"font-size: 10.5pt; font-family: 'Open Sans', sans-serif;\">(Thrift) en Santa B\u00e1rbara y Santa Mar\u00eda proporciona a los clientes ropa y art\u00edculos para el hogar <\/span><span lang=\"ES\" style=\"font-size: 10.5pt; font-family: 'Open Sans', sans-serif; background-position: initial; background-color: white;\">de forma <\/span><span lang=\"ES-US\" style=\"font-size: 10.5pt; font-family: 'Open Sans', sans-serif;\">gratuita.<\/span><\/p>\n<p>&nbsp;<\/p>\n<p><img loading=\"lazy\" decoding=\"async\" class=\"alignnone wp-image-670\" src=\"https:\/\/catholiccharitiesla.org\/spanish\/wp-content\/uploads\/CCLA_RegionLogo_SantaBarbara-300x231.png\" alt=\"\" width=\"225\" height=\"173\" srcset=\"https:\/\/catholiccharitiesla.org\/spanish\/wp-content\/uploads\/CCLA_RegionLogo_SantaBarbara-300x231.png 300w, https:\/\/catholiccharitiesla.org\/spanish\/wp-content\/uploads\/CCLA_RegionLogo_SantaBarbara.png 600w\" sizes=\"(max-width: 225px) 100vw, 225px\" \/><\/p>\n<p><span style=\"background-color: #ffffff; font-size: 14px;\">Director regional:<\/span><span style=\"background-color: #ffffff; font-size: 14px;\">\u00a0<\/span>Yolanda Vasquez<br \/><span class=\"s1\" style=\"background-color: #ffffff; font-size: 14px;\">Tel\u00e9fono:<\/span><span style=\"background-color: #ffffff; font-size: 14px;\">\u00a0<\/span>(805) 965-7045<br \/><span lang=\"ES-US\" style=\"font-size: 10.5pt; line-height: 107%; font-family: 'Open Sans', sans-serif;\">Correo electr\u00f3nico: yvasquez@ccharities.org<br \/><\/span><span class=\"s1\" style=\"background-color: #ffffff; font-size: 14px;\">Oficina principal<\/span><span style=\"font-size: 14px; background-color: #ffffff;\">:\u00a0<\/span>609 East Haley Street, Santa Barbara, CA 93103<\/p>\n<p class=\"p1\">\n<h3>Lompoc<\/h3>\n<p class=\"p1\"><span style=\"font-size: 14px; background-color: #ffffff;\">Centro de Servicios Comunitarios de<\/span><span style=\"font-size: 14px; background-color: #ffffff;\">\u00a0<\/span>Lompoc<br \/>325 North Second Street, Lompoc, CA 93436<br \/>(805) 736-6226<\/p>\n<h3>Santa Barbara<\/h3>\n<p class=\"p1\"><span style=\"font-size: 14px; background-color: #ffffff;\">Centro de Servicios Comunitarios de<\/span><span style=\"font-size: 14px; background-color: #ffffff;\">\u00a0<\/span>Santa Barbara<br \/>609 E. Haley Street, Santa Barbara, CA 93101<br \/>(805) 965-7045<\/p>\n<h3>Santa Maria<\/h3>\n<p class=\"p1\"><span style=\"font-size: 14px; background-color: #ffffff;\">Centro de Servicios Comunitarios de<\/span><span style=\"font-size: 14px; background-color: #ffffff;\">\u00a0<\/span>Santa Maria<br \/>607 W. Main Street, Santa Maria, CA 93458-5034<br \/>(805) 922-2059<\/p>\n<h3>Sitios de Distribuci\u00f3n de Alimentos<\/h3>\n<p class=\"p1\"><em>Cuyama Valley<\/em><br \/>4711 Hwy. 166, New Cuyama, CA 93254<br \/>(805) 922-2059<\/p>\n<p class=\"p1\"><em>Guadalupe<\/em><br \/>4681 11th Street, Guadalupe, CA 93434<br \/>(805) 922-2059<\/p>\n<h3>Tiendas de Segunda Mano<\/h3>\n<p class=\"p1\">609 East Haley Street, Santa Barbara, CA 93103<br \/>(805) 966-9659<\/p>\n<p>607 West Main Street, Santa Maria, CA 93458-5034<br \/>(805) 922-4174<\/p>\n<p>[\/et_pb_text][\/et_pb_column][\/et_pb_row][\/et_pb_section][et_pb_section fb_built=&#8221;1&#8243; _builder_version=&#8221;4.16&#8243; background_color=&#8221;#dddddd&#8221; global_colors_info=&#8221;{}&#8221;][et_pb_row column_structure=&#8221;1_3,1_3,1_3&#8243; _builder_version=&#8221;4.16&#8243; background_size=&#8221;initial&#8221; background_position=&#8221;top_left&#8221; background_repeat=&#8221;repeat&#8221; global_colors_info=&#8221;{}&#8221;][et_pb_column type=&#8221;1_3&#8243; _builder_version=&#8221;4.16&#8243; custom_padding=&#8221;|||&#8221; global_colors_info=&#8221;{}&#8221; custom_padding__hover=&#8221;|||&#8221;][et_pb_text _builder_version=&#8221;4.16&#8243; text_font=&#8221;Open Sans|600|||||||&#8221; text_text_color=&#8221;#001f5b&#8221; global_colors_info=&#8221;{}&#8221;]<\/p>\n<div style=\"width: 40%; padding: 0 10px 0 0; float: left;\"><a href=\"https:\/\/catholiccharitiesla.org\/spanish\/about\/\">About<\/a><br \/>\n<a href=\"https:\/\/catholiccharitiesla.org\/spanish\/programs\/\">Programs<\/a><br \/>\n<a href=\"https:\/\/catholiccharitiesla.org\/spanish\/locations\/\"><strong>Locations<\/strong><\/a><br \/>\n<a href=\"https:\/\/catholiccharitiesla.org\/spanish\/events\/\">Events<\/a><br \/>\n<a href=\"https:\/\/catholiccharitiesla.org\/spanish\/news\/\">News<\/a><br \/>\n<a href=\"https:\/\/catholiccharitiesla.org\/spanish\/how-to-help\/\">How To Help<\/a><\/div>\n<div style=\"width: 40%; padding: 0 10px 0 0; float: right;\"><a href=\"https:\/\/catholiccharitiesla.org\/spanish\/programas\/\">En Espa\u00f1ol<\/a><br \/>\n<a href=\"https:\/\/catholiccharitiesla.org\/spanish\/privacy-policy\/\">Privacy Policy<\/a><br \/>\n<a href=\"https:\/\/catholiccharitiesla.org\/spanish\/affiliations\/\">Affiliations<\/a><br \/>\n<a href=\"https:\/\/catholiccharitiesla.org\/spanish\/contact\/\">Contact Us<\/a><br \/>\n<a href=\"https:\/\/catholiccharitiesla.org\/spanish\/donate\/\">Donate Now<\/a><\/div>\n<div style=\"clear: both;\"><\/div>\n<p>[\/et_pb_text][\/et_pb_column][et_pb_column type=&#8221;1_3&#8243; _builder_version=&#8221;4.16&#8243; custom_padding=&#8221;|||&#8221; global_colors_info=&#8221;{}&#8221; custom_padding__hover=&#8221;|||&#8221;][et_pb_cta button_url=&#8221;https:\/\/catholiccharitiesla.org\/spanish\/newsletter-sign-up\/&#8221; button_text=&#8221;SUBSCRIBE&#8221; _builder_version=&#8221;4.16&#8243; header_text_align=&#8221;left&#8221; header_text_color=&#8221;#888888&#8243; header_font_size=&#8221;14&#8243; body_font=&#8221;Open Sans|600|||||||&#8221; body_text_color=&#8221;#888888&#8243; use_background_color=&#8221;off&#8221; custom_button=&#8221;on&#8221; button_text_size=&#8221;14px&#8221; button_text_color=&#8221;#ffffff&#8221; button_bg_color=&#8221;#c51f2a&#8221; button_border_width=&#8221;0&#8243; button_border_radius=&#8221;1px&#8221; button_font=&#8221;Open Sans|600|||||||&#8221; button_use_icon=&#8221;off&#8221; button_alignment=&#8221;center&#8221; background_layout=&#8221;light&#8221; animation_style=&#8221;fade&#8221; button_text_color_hover=&#8221;#ffffff&#8221; button_border_color_hover=&#8221;#c8a722&#8243; button_bg_color_hover=&#8221;#c8a722&#8243; saved_tabs=&#8221;all&#8221; global_colors_info=&#8221;{}&#8221; button_text_size__hover_enabled=&#8221;off&#8221; button_one_text_size__hover_enabled=&#8221;off&#8221; button_two_text_size__hover_enabled=&#8221;off&#8221; button_text_color__hover_enabled=&#8221;on&#8221; button_text_color__hover=&#8221;#ffffff&#8221; button_one_text_color__hover_enabled=&#8221;off&#8221; button_two_text_color__hover_enabled=&#8221;off&#8221; button_border_width__hover_enabled=&#8221;off&#8221; button_one_border_width__hover_enabled=&#8221;off&#8221; button_two_border_width__hover_enabled=&#8221;off&#8221; button_border_color__hover_enabled=&#8221;on&#8221; button_border_color__hover=&#8221;#c8a722&#8243; button_one_border_color__hover_enabled=&#8221;off&#8221; button_two_border_color__hover_enabled=&#8221;off&#8221; button_border_radius__hover_enabled=&#8221;off&#8221; button_one_border_radius__hover_enabled=&#8221;off&#8221; button_two_border_radius__hover_enabled=&#8221;off&#8221; button_letter_spacing__hover_enabled=&#8221;off&#8221; button_one_letter_spacing__hover_enabled=&#8221;off&#8221; button_two_letter_spacing__hover_enabled=&#8221;off&#8221; button_bg_color__hover_enabled=&#8221;on&#8221; button_bg_color__hover=&#8221;#c8a722&#8243; button_one_bg_color__hover_enabled=&#8221;off&#8221; button_two_bg_color__hover_enabled=&#8221;off&#8221;]Sign Up To Receive Our Newsletter<br \/>\n[\/et_pb_cta][et_pb_text _builder_version=&#8221;4.16&#8243; text_font=&#8221;Open Sans||||||||&#8221; text_orientation=&#8221;center&#8221; global_colors_info=&#8221;{}&#8221;]<center><a href=\"https:\/\/www.facebook.com\/Catholic.Charities.LA\" target=\"_blank\" rel=\"noopener noreferrer\"><img loading=\"lazy\" decoding=\"async\" class=\"alignnone\" src=\"https:\/\/catholiccharitiesla.org\/spanish\/wp-content\/uploads\/2018\/05\/CC_FacebookIcon.png\" alt=\"\" width=\"38\" height=\"31\" \/><\/a>\u00a0\u00a0\u00a0 <a href=\"https:\/\/www.linkedin.com\/company\/catholic-charities_4\" target=\"_blank\" rel=\"noopener noreferrer\"><img loading=\"lazy\" decoding=\"async\" class=\"alignnone\" src=\"https:\/\/catholiccharitiesla.org\/spanish\/wp-content\/uploads\/CC_LinkedInIcon.png\" alt=\"\" width=\"38\" height=\"31\" \/><\/a><\/center>[\/et_pb_text][\/et_pb_column][et_pb_column type=&#8221;1_3&#8243; _builder_version=&#8221;4.16&#8243; custom_padding=&#8221;|||&#8221; global_colors_info=&#8221;{}&#8221; custom_padding__hover=&#8221;|||&#8221;][et_pb_text _builder_version=&#8221;4.16&#8243; text_font=&#8221;Open Sans|600|||||||&#8221; text_text_color=&#8221;#003e7e&#8221; text_font_size=&#8221;12&#8243; text_line_height=&#8221;1.5em&#8221; custom_margin=&#8221;|||20px&#8221; animation_style=&#8221;fade&#8221; global_colors_info=&#8221;{}&#8221;]<a href=\"https:\/\/catholiccharitiesla.org\/spanish\/\"><img loading=\"lazy\" decoding=\"async\" class=\"\" src=\"https:\/\/catholiccharitiesla.org\/spanish\/wp-content\/uploads\/2018\/05\/CatholicCharities_Logo_400px.png\" alt=\"\" width=\"170\" height=\"111\" \/><\/a><\/p>\n<p align=\"left\">1531 James M. Wood Blvd.<br \/>\nP.O. Box 15095, Los Angeles, CA 90015<br \/>\n<strong>(213) 251-3400\u00a0<\/strong> |\u00a0 <a href=\"mailto:info@CatholicCharitiesLA.org\">info@CatholicCharitiesLA.org<\/a><\/p>\n<p>[\/et_pb_text][\/et_pb_column][\/et_pb_row][\/et_pb_section][et_pb_section fb_built=&#8221;1&#8243; _builder_version=&#8221;3.1.1&#8243; global_module=&#8221;1632&#8243; saved_tabs=&#8221;all&#8221; global_colors_info=&#8221;{}&#8221;][et_pb_row _builder_version=&#8221;4.16&#8243; background_size=&#8221;initial&#8221; background_position=&#8221;top_left&#8221; background_repeat=&#8221;repeat&#8221; global_colors_info=&#8221;{}&#8221;][et_pb_column type=&#8221;4_4&#8243; _builder_version=&#8221;4.16&#8243; custom_padding=&#8221;|||&#8221; global_colors_info=&#8221;{}&#8221; custom_padding__hover=&#8221;|||&#8221;][et_pb_text _builder_version=&#8221;4.20.4&#8243; text_font=&#8221;Open Sans||||||||&#8221; text_text_color=&#8221;#888888&#8243; text_font_size=&#8221;11&#8243; global_colors_info=&#8221;{}&#8221;]<\/p>\n<p style=\"text-align: center;\">\u00a92023 All Rights Reserved. Catholic Charities of Los Angeles, Inc.<br \/> Catholic Charities of Los Angeles, Inc. is a 501(c)(3) nonprofit, public benefit corporation accredited by the Council on Accreditation.<\/p>\n<p>[\/et_pb_text][\/et_pb_column][\/et_pb_row][\/et_pb_section]<\/p>\n","protected":false},"excerpt":{"rendered":"<p>&nbsp; &nbsp; La Regi\u00f3n de Santa B\u00e1rbara de Caridades Cat\u00f3licas cubre los condados de Santa B\u00e1rbara y Ventura. Para informaci\u00f3n acerca de los servicios comunitarios, haga clic aqu\u00ee. Regi\u00f3n de Santa B\u00e1rbara Condado de Santa B\u00e1rbara La Regi\u00f3n de Santa B\u00e1rbara de Caridades Cat\u00f3licas cubre los condados de Ventura y Santa B\u00e1rbara. El \u00e1rea de [&hellip;]<\/p>\n","protected":false},"author":1,"featured_media":0,"parent":0,"menu_order":0,"comment_status":"closed","ping_status":"closed","template":"","meta":{"_et_pb_use_builder":"on","_et_pb_old_content":"","_et_gb_content_width":"","_exactmetrics_skip_tracking":false,"_exactmetrics_sitenote_active":false,"_exactmetrics_sitenote_note":"","_exactmetrics_sitenote_category":0,"footnotes":""},"class_list":["post-291","page","type-page","status-publish","hentry"],"_links":{"self":[{"href":"https:\/\/catholiccharitiesla.org\/spanish\/wp-json\/wp\/v2\/pages\/291","targetHints":{"allow":["GET"]}}],"collection":[{"href":"https:\/\/catholiccharitiesla.org\/spanish\/wp-json\/wp\/v2\/pages"}],"about":[{"href":"https:\/\/catholiccharitiesla.org\/spanish\/wp-json\/wp\/v2\/types\/page"}],"author":[{"embeddable":true,"href":"https:\/\/catholiccharitiesla.org\/spanish\/wp-json\/wp\/v2\/users\/1"}],"replies":[{"embeddable":true,"href":"https:\/\/catholiccharitiesla.org\/spanish\/wp-json\/wp\/v2\/comments?post=291"}],"version-history":[{"count":22,"href":"https:\/\/catholiccharitiesla.org\/spanish\/wp-json\/wp\/v2\/pages\/291\/revisions"}],"predecessor-version":[{"id":1672,"href":"https:\/\/catholiccharitiesla.org\/spanish\/wp-json\/wp\/v2\/pages\/291\/revisions\/1672"}],"wp:attachment":[{"href":"https:\/\/catholiccharitiesla.org\/spanish\/wp-json\/wp\/v2\/media?parent=291"}],"curies":[{"name":"wp","href":"https:\/\/api.w.org\/{rel}","templated":true}]}}